{"id":961,"date":"2017-06-01T10:41:34","date_gmt":"2017-06-01T08:41:34","guid":{"rendered":"http:\/\/www.mauestiftung.de\/?page_id=961"},"modified":"2020-02-18T14:22:52","modified_gmt":"2020-02-18T13:22:52","slug":"foerderung-des-fischkutter-jugend-und-begegnungsstaette-e-v-in-rostock-toitenwinkel","status":"publish","type":"page","link":"https:\/\/mauestiftung.de\/?page_id=961","title":{"rendered":"Fischkutter Jugend- und Begegnungsst\u00e4tte e.V. in Rostock Toitenwinkel"},"content":{"rendered":"<p>Der Fischkutter Jugend- und Begegnungsst\u00e4tte e.V. engagiert sich seit 20 Jahren als Verein f\u00fcr Kinder, Jugendliche und Familien in Toitenwinkel.<br \/>\n<strong>Das zentrale Projekt ist dabei ein t\u00e4gliches Mittagessen f\u00fcr Schulkinder und Hausaufgabenbetreuung. Dar\u00fcber hinaus wird im Rahmen offener Kinder- und Jugendarbeit eine sinnvolle und kreative Freizeitgestaltung angeboten.<\/strong> In den Schulferien finden dar\u00fcber hinaus besondere Aktionen wie zum Beispiel Kindercamps statt.<\/p>\n<p>T\u00e4glich nehmen zwischen 35 und 40 Kinder an der warmen Mittagversorgung teil. Das angebot richtet sich vor allem an bed\u00fcrftige Kinder aus dem Stadtteil Toitenwinkel, f\u00fcr die ein frisch zubereitetes gesundes Mittagessen von einer ausgebildeten K\u00f6chin zubereitet wird. Im Rahmen der Hausaufgabenbetreuung und Freizeitgestaltung werden die Kinder und Jugendlichen von einem qualifizierten Team aus Hauptamtlichen P\u00e4dagogen und ehrenamtlichen Kr\u00e4ften betreut.<br \/>\nDie Arbeit des Fischkutters e.V. ist fast ausschlie\u00dflich auf Spendenbasis finanziert. Das hei\u00dft, das j\u00e4hrlich notwendige Budget f\u00fcr die R\u00e4umlichkeiten und das Personal sowie f\u00fcr p\u00e4dagogisches Material und alle weiteren laufenden Ausgaben werden \u00fcber Spenden und Zuwendungen von Privatpersonen, Stiftungen und Firmen aus der n\u00e4heren und weiteren Umgebung finanziert.<\/p>\n<p>Das warme Mittagessen f\u00fcr die Kinder und Jugendlichen ist aus mehreren Gr\u00fcnden das zentrale Element der Arbeit des Fischkutter e.V. Einseits besteht ein tats\u00e4chlicher Bedarf an einer Mittagsversorgung besonders f\u00fcr bed\u00fcrftige Kinder und Jugendliche. Andererseits wird die Mittagsversorgung auch genutzt, um die Kinder und Jugendlichen f\u00fcr die Teilnahme an Hausaufgabenbetreuung und Freizeitgestaltung zu gewinnen.<\/p>\n<p><a title=\"Hompage des Fischkutter\" href=\"http:\/\/www.fischkutter.org\/\" target=\"_blank\" rel=\"noopener noreferrer\">Mehr zum Fischkutter.<\/a><\/p>\n","protected":false},"excerpt":{"rendered":"<p>Der Fischkutter Jugend- und Begegnungsst\u00e4tte e.V. engagiert sich seit 20 Jahren als Verein f\u00fcr Kinder, Jugendliche und Familien in Toitenwinkel. Das zentrale Projekt ist dabei ein t\u00e4gliches Mittagessen f\u00fcr Schulkinder und Hausaufgabenbetreuung. Dar\u00fcber hinaus wird im Rahmen offener Kinder- und Jugendarbeit eine sinnvolle und kreative Freizeitgestaltung angeboten. In den Schulferien finden dar\u00fcber hinaus besondere Aktionen &hellip; <\/p>\n<p><a class=\"more-link btn\" href=\"https:\/\/mauestiftung.de\/?page_id=961\">Weiterlesen<\/a><\/p>\n","protected":false},"author":1,"featured_media":0,"parent":83,"menu_order":6,"comment_status":"closed","ping_status":"closed","template":"","meta":{"footnotes":""},"class_list":["post-961","page","type-page","status-publish","hentry","nodate","item-wrap"],"_links":{"self":[{"href":"https:\/\/mauestiftung.de\/index.php?rest_route=\/wp\/v2\/pages\/961","targetHints":{"allow":["GET"]}}],"collection":[{"href":"https:\/\/mauestiftung.de\/index.php?rest_route=\/wp\/v2\/pages"}],"about":[{"href":"https:\/\/mauestiftung.de\/index.php?rest_route=\/wp\/v2\/types\/page"}],"author":[{"embeddable":true,"href":"https:\/\/mauestiftung.de\/index.php?rest_route=\/wp\/v2\/users\/1"}],"replies":[{"embeddable":true,"href":"https:\/\/mauestiftung.de\/index.php?rest_route=%2Fwp%2Fv2%2Fcomments&post=961"}],"version-history":[{"count":0,"href":"https:\/\/mauestiftung.de\/index.php?rest_route=\/wp\/v2\/pages\/961\/revisions"}],"up":[{"embeddable":true,"href":"https:\/\/mauestiftung.de\/index.php?rest_route=\/wp\/v2\/pages\/83"}],"wp:attachment":[{"href":"https:\/\/mauestiftung.de\/index.php?rest_route=%2Fwp%2Fv2%2Fmedia&parent=961"}],"curies":[{"name":"wp","href":"https:\/\/api.w.org\/{rel}","templated":true}]}}