{"id":958,"date":"2017-06-01T10:39:06","date_gmt":"2017-06-01T08:39:06","guid":{"rendered":"http:\/\/www.mauestiftung.de\/?page_id=958"},"modified":"2020-02-18T14:20:51","modified_gmt":"2020-02-18T13:20:51","slug":"neuer-gasherd-fuer-die-arabischen-gottesdienste-in-der-lkg-wolfenbuettel","status":"publish","type":"page","link":"https:\/\/mauestiftung.de\/?page_id=958","title":{"rendered":"LKG Wolfenb\u00fcttel, neuer Gasherd f\u00fcr die arabischen Gottesdienste"},"content":{"rendered":"<p>Die Anschaffung des Gasherdes in der LKG Wolfenb\u00fcttel, Okerstra\u00dfe 21e, f\u00fcr die Zubereitung des Essens bei den arabischen Gottesdiensten vor Ort wurde durch Stiftungen helfen erm\u00f6glicht.<\/p>\n<p><img loading=\"lazy\" decoding=\"async\" class=\"\" src=\"https:\/\/mauestiftung.de\/wp-content\/uploads\/gasherd_lkg_wolfenbuettel-1.jpg\" alt=\"\" width=\"689\" height=\"387\" \/>\u00a0 <img loading=\"lazy\" decoding=\"async\" class=\"\" src=\"https:\/\/mauestiftung.de\/wp-content\/uploads\/gasherd_lkg_wolfenbuettel-2.jpg\" alt=\"\" width=\"218\" height=\"389\" \/><\/p>\n","protected":false},"excerpt":{"rendered":"<p>Die Anschaffung des Gasherdes in der LKG Wolfenb\u00fcttel, Okerstra\u00dfe 21e, f\u00fcr die Zubereitung des Essens bei den arabischen Gottesdiensten vor Ort wurde durch Stiftungen helfen erm\u00f6glicht. \u00a0<\/p>\n","protected":false},"author":1,"featured_media":0,"parent":83,"menu_order":10,"comment_status":"closed","ping_status":"closed","template":"","meta":{"footnotes":""},"class_list":["post-958","page","type-page","status-publish","hentry","nodate","item-wrap"],"_links":{"self":[{"href":"https:\/\/mauestiftung.de\/index.php?rest_route=\/wp\/v2\/pages\/958","targetHints":{"allow":["GET"]}}],"collection":[{"href":"https:\/\/mauestiftung.de\/index.php?rest_route=\/wp\/v2\/pages"}],"about":[{"href":"https:\/\/mauestiftung.de\/index.php?rest_route=\/wp\/v2\/types\/page"}],"author":[{"embeddable":true,"href":"https:\/\/mauestiftung.de\/index.php?rest_route=\/wp\/v2\/users\/1"}],"replies":[{"embeddable":true,"href":"https:\/\/mauestiftung.de\/index.php?rest_route=%2Fwp%2Fv2%2Fcomments&post=958"}],"version-history":[{"count":0,"href":"https:\/\/mauestiftung.de\/index.php?rest_route=\/wp\/v2\/pages\/958\/revisions"}],"up":[{"embeddable":true,"href":"https:\/\/mauestiftung.de\/index.php?rest_route=\/wp\/v2\/pages\/83"}],"wp:attachment":[{"href":"https:\/\/mauestiftung.de\/index.php?rest_route=%2Fwp%2Fv2%2Fmedia&parent=958"}],"curies":[{"name":"wp","href":"https:\/\/api.w.org\/{rel}","templated":true}]}}