{"id":956,"date":"2017-06-01T10:37:24","date_gmt":"2017-06-01T08:37:24","guid":{"rendered":"http:\/\/www.mauestiftung.de\/?page_id=956"},"modified":"2018-08-14T11:16:03","modified_gmt":"2018-08-14T09:16:03","slug":"luthergarten","status":"publish","type":"page","link":"https:\/\/mauestiftung.de\/?page_id=956","title":{"rendered":"Luthergarten"},"content":{"rendered":"<p>Im Rahmen des Projektes \u201eLuthergarten\u201c werden zum 500-j\u00e4hrigen Lutherjubil\u00e4um in Wittenberg B\u00e4ume gepflanzt. Die Stiftung unterst\u00fctzt mit dem F\u00f6rderbetrag die Anlieferung, die Beschilderung und Pflanzung eines Baumes sowie die Anwachspflege f\u00fcr 2 Jahre.<\/p>\n<p>Der Baum hat die Nr. 346.<\/p>\n<p><img loading=\"lazy\" decoding=\"async\" class=\"\" src=\"https:\/\/mauestiftung.de\/wp-content\/uploads\/baumpflanzung_luthergarten_2017-05-19_1.jpg\" alt=\"\" width=\"359\" height=\"269\" \/>\u00a0 <img loading=\"lazy\" decoding=\"async\" class=\"\" src=\"https:\/\/mauestiftung.de\/wp-content\/uploads\/baumpflanzung_luthergarten_2017-05-19_2.jpg\" alt=\"\" width=\"359\" height=\"269\" \/><\/p>\n<p><img loading=\"lazy\" decoding=\"async\" class=\"\" src=\"https:\/\/mauestiftung.de\/wp-content\/uploads\/baumpflanzung_luthergarten_2017-05-19_3.jpg\" alt=\"\" width=\"356\" height=\"267\" \/>\u00a0 <img loading=\"lazy\" decoding=\"async\" class=\"\" src=\"https:\/\/mauestiftung.de\/wp-content\/uploads\/baumpflanzung_luthergarten_2017-05-19_4.jpg\" alt=\"\" width=\"359\" height=\"269\" \/><\/p>\n<p><img loading=\"lazy\" decoding=\"async\" class=\"\" src=\"https:\/\/mauestiftung.de\/wp-content\/uploads\/urkunde_baumpflanzung_luthergarten_2017.jpg\" width=\"724\" height=\"996\" \/><\/p>\n<p>Dieser Baum hat die Nr. 432:<\/p>\n<p><img loading=\"lazy\" decoding=\"async\" class=\"\" src=\"https:\/\/mauestiftung.de\/wp-content\/uploads\/infotafel.png\" alt=\"\" width=\"213\" height=\"413\" \/><\/p>\n<p>Foto der aufgestellten Informationstafel neben dem gepflanzten Baum<\/p>\n<p>Siehe auch hier: <a href=\"http:\/\/www.flt.edu.br\/noticias\/207\/memorial-dos-500-anos-da-reforma\" target=\"_blank\" rel=\"noopener\">http:\/\/www.flt.edu.br\/noticias\/207\/memorial-dos-500-anos-da-reforma<\/a><\/p>\n<p>Gepflanzte Baumart: &#8222;Handroanthus albus&#8220; (portuguiesisch &#8222;Ip\u00ea amarelo&#8220;)<\/p>\n<p>Deutsch: gelber Trompetenbaum (Tecoma)<\/p>\n<p><img loading=\"lazy\" decoding=\"async\" class=\"\" src=\"https:\/\/mauestiftung.de\/wp-content\/uploads\/baumpflanzung_luthergarten_2018_1.jpg\" width=\"400\" height=\"267\" \/>\u00a0\u00a0\u00a0 <img loading=\"lazy\" decoding=\"async\" src=\"https:\/\/mauestiftung.de\/wp-content\/uploads\/baumpflanzung_luthergarten_2018_2.jpg\" width=\"400\" height=\"266\" \/>\u00a0 <img loading=\"lazy\" decoding=\"async\" src=\"https:\/\/mauestiftung.de\/wp-content\/uploads\/baumpflanzung_luthergarten_2018_3.jpg\" width=\"400\" height=\"266\" \/>\u00a0\u00a0\u00a0 <img loading=\"lazy\" decoding=\"async\" src=\"https:\/\/mauestiftung.de\/wp-content\/uploads\/baumpflanzung_luthergarten_2018_4.jpg\" alt=\"\" width=\"400\" height=\"266\" \/>\u00a0\u00a0\u00a0 <img loading=\"lazy\" decoding=\"async\" src=\"https:\/\/mauestiftung.de\/wp-content\/uploads\/baumpflanzung_luthergarten_2018_5.jpg\" alt=\"\" width=\"400\" height=\"266\" \/><\/p>\n<p><img loading=\"lazy\" decoding=\"async\" src=\"https:\/\/mauestiftung.de\/wp-content\/uploads\/urkunde_baumpflanzung_luthergarten_2018.jpg\" width=\"724\" height=\"1024\" \/><\/p>\n<p><img loading=\"lazy\" decoding=\"async\" src=\"https:\/\/mauestiftung.de\/wp-content\/uploads\/berlin_nord-ost_maue-stiftung.jpg\" width=\"724\" height=\"352\" \/><\/p>\n<p>Stadtplan mit Lutherg\u00e4rten:<\/p>\n<p><img loading=\"lazy\" decoding=\"async\" src=\"https:\/\/mauestiftung.de\/wp-content\/uploads\/stadtplan_luthergaerten.jpg\" width=\"724\" height=\"431\" \/><\/p>\n<p><a href=\"https:\/\/mauestiftung.de\/wp-content\/uploads\/liturgie_fuer_baumpflanzungen.pdf\" target=\"_blank\" rel=\"noopener\">Lesen Sie hier eine Luturgie f\u00fcr Baumpflanzungen.<\/a><\/p>\n<p>&nbsp;<\/p>\n","protected":false},"excerpt":{"rendered":"<p>Im Rahmen des Projektes \u201eLuthergarten\u201c werden zum 500-j\u00e4hrigen Lutherjubil\u00e4um in Wittenberg B\u00e4ume gepflanzt. Die Stiftung unterst\u00fctzt mit dem F\u00f6rderbetrag die Anlieferung, die Beschilderung und Pflanzung eines Baumes sowie die Anwachspflege f\u00fcr 2 Jahre. Der Baum hat die Nr. 346. \u00a0 \u00a0 Dieser Baum hat die Nr. 432: Foto der aufgestellten Informationstafel neben dem gepflanzten Baum &hellip; <\/p>\n<p><a class=\"more-link btn\" href=\"https:\/\/mauestiftung.de\/?page_id=956\">Weiterlesen<\/a><\/p>\n","protected":false},"author":1,"featured_media":0,"parent":948,"menu_order":3,"comment_status":"closed","ping_status":"closed","template":"","meta":{"footnotes":""},"class_list":["post-956","page","type-page","status-publish","hentry","nodate","item-wrap"],"_links":{"self":[{"href":"https:\/\/mauestiftung.de\/index.php?rest_route=\/wp\/v2\/pages\/956","targetHints":{"allow":["GET"]}}],"collection":[{"href":"https:\/\/mauestiftung.de\/index.php?rest_route=\/wp\/v2\/pages"}],"about":[{"href":"https:\/\/mauestiftung.de\/index.php?rest_route=\/wp\/v2\/types\/page"}],"author":[{"embeddable":true,"href":"https:\/\/mauestiftung.de\/index.php?rest_route=\/wp\/v2\/users\/1"}],"replies":[{"embeddable":true,"href":"https:\/\/mauestiftung.de\/index.php?rest_route=%2Fwp%2Fv2%2Fcomments&post=956"}],"version-history":[{"count":0,"href":"https:\/\/mauestiftung.de\/index.php?rest_route=\/wp\/v2\/pages\/956\/revisions"}],"up":[{"embeddable":true,"href":"https:\/\/mauestiftung.de\/index.php?rest_route=\/wp\/v2\/pages\/948"}],"wp:attachment":[{"href":"https:\/\/mauestiftung.de\/index.php?rest_route=%2Fwp%2Fv2%2Fmedia&parent=956"}],"curies":[{"name":"wp","href":"https:\/\/api.w.org\/{rel}","templated":true}]}}