{"id":953,"date":"2017-06-01T10:33:49","date_gmt":"2017-06-01T08:33:49","guid":{"rendered":"http:\/\/www.mauestiftung.de\/?page_id=953"},"modified":"2018-08-09T12:47:35","modified_gmt":"2018-08-09T10:47:35","slug":"haus-entenfang","status":"publish","type":"page","link":"https:\/\/mauestiftung.de\/?page_id=953","title":{"rendered":"Haus Entenfang"},"content":{"rendered":"<p><img loading=\"lazy\" decoding=\"async\" class=\"\" src=\"https:\/\/mauestiftung.de\/wp-content\/uploads\/haus_entenfang.jpg\" alt=\"\" width=\"284\" height=\"505\" \/><\/p>\n<p>Das Haus Entenfang beherbergt auf einer Fl\u00e4che von 135 m\u00b2 eine informative und unterhaltsame Ausstellung \u00fcber das Naturschutzgebiet Riddagshausen und seine Bewohner. Die Ausstellung l\u00e4dt die Besucher, vor allem Kindergruppen und Schulklassen zum Verweilen und Entdecken ein und bildet den Ausgangspunkt f\u00fcr die Erkundung des Naturschutzgebiets in Eigenregie oder f\u00fcr gef\u00fchrte Touren.<\/p>\n<p><a title=\"Homepage von Braunschweig\" href=\"http:\/\/www.braunschweig.de\/leben\/umwelt_naturschutz\/natur\/natur_landschaft_schutz\/haus_entenfang\/index.html\" target=\"_blank\" rel=\"noopener noreferrer\">Weitere Informationen.<\/a><\/p>\n","protected":false},"excerpt":{"rendered":"<p>Das Haus Entenfang beherbergt auf einer Fl\u00e4che von 135 m\u00b2 eine informative und unterhaltsame Ausstellung \u00fcber das Naturschutzgebiet Riddagshausen und seine Bewohner. Die Ausstellung l\u00e4dt die Besucher, vor allem Kindergruppen und Schulklassen zum Verweilen und Entdecken ein und bildet den Ausgangspunkt f\u00fcr die Erkundung des Naturschutzgebiets in Eigenregie oder f\u00fcr gef\u00fchrte Touren. Weitere Informationen.<\/p>\n","protected":false},"author":1,"featured_media":0,"parent":948,"menu_order":2,"comment_status":"closed","ping_status":"closed","template":"","meta":{"footnotes":""},"class_list":["post-953","page","type-page","status-publish","hentry","nodate","item-wrap"],"_links":{"self":[{"href":"https:\/\/mauestiftung.de\/index.php?rest_route=\/wp\/v2\/pages\/953","targetHints":{"allow":["GET"]}}],"collection":[{"href":"https:\/\/mauestiftung.de\/index.php?rest_route=\/wp\/v2\/pages"}],"about":[{"href":"https:\/\/mauestiftung.de\/index.php?rest_route=\/wp\/v2\/types\/page"}],"author":[{"embeddable":true,"href":"https:\/\/mauestiftung.de\/index.php?rest_route=\/wp\/v2\/users\/1"}],"replies":[{"embeddable":true,"href":"https:\/\/mauestiftung.de\/index.php?rest_route=%2Fwp%2Fv2%2Fcomments&post=953"}],"version-history":[{"count":0,"href":"https:\/\/mauestiftung.de\/index.php?rest_route=\/wp\/v2\/pages\/953\/revisions"}],"up":[{"embeddable":true,"href":"https:\/\/mauestiftung.de\/index.php?rest_route=\/wp\/v2\/pages\/948"}],"wp:attachment":[{"href":"https:\/\/mauestiftung.de\/index.php?rest_route=%2Fwp%2Fv2%2Fmedia&parent=953"}],"curies":[{"name":"wp","href":"https:\/\/api.w.org\/{rel}","templated":true}]}}