{"id":952,"date":"2017-06-01T10:32:56","date_gmt":"2017-06-01T08:32:56","guid":{"rendered":"http:\/\/www.mauestiftung.de\/?page_id=952"},"modified":"2018-08-10T12:50:11","modified_gmt":"2018-08-10T10:50:11","slug":"waldforum-riddagshausen-juniortage","status":"publish","type":"page","link":"https:\/\/mauestiftung.de\/?page_id=952","title":{"rendered":"Juniortage"},"content":{"rendered":"<p>Gemeinsames Forschen, Entdecken und Gestalten \u2013 seit 2014 bietet das Waldforum verschiedene Tagesseminare zu wald- und naturbezogenen Schwerpunkten an. Die Themen umfassen naturwissenschaftliche, kulturhistorische und k\u00fcnstlerisch-kreative Aspekte. Unter fachlicher und p\u00e4dagogischer Anleitung werden die Kinder spielerisch an die Inhalte herangef\u00fchrt und ihr nat\u00fcrlicher Forscherdrang wird gef\u00f6rdert.<\/p>\n<p>Die Angebote fordern zum Lernen und Entdecken auf. In kleinen Gruppen ist eine idividuelle Zuwendung m\u00f6glich, und es bleibt viel Raum f\u00fcr eigenes Entdecken. Es wird das Interesse an Zusammenh\u00e4ngen geweckt sowie die Freude an der Natur. Die Teilnehmer\/innen k\u00f6nnen ihre Kenntnisse anwenden und erweitern sowie ihre Kreativit\u00e4t schulen.<\/p>\n<p>Einen halben oder ganzen Tag oder auch ein ganzes Wochenende gehen die Kinder im Alter von 5 bis 13 Jahren unter Leitung zertifizierter Waldp\u00e4dagogen auf Entdeckungsreise. Jede Veranstaltung hat ein eigenes Thema. Die Kinder nehmen in der Regel ohne Begleitung ihrer Eltern teil und k\u00f6nnen einzeln, ihren Interessen entsprechend zu den Seminaren angemeldet werden. Es gibt aber auch Seminare, an denen die Kinder ganz bewu\u00dft mit ihren Eltern\/Gro\u00dfeltern teilnehmen sollen.<\/p>\n<p>Walddetektive gehen auf Tierspurensuche und stellen einen eigenen Forscherkoffer zusammen. Junge Wasserforscher unternehmen Bachexpeditionen. Baumfreunde gestalten ihr pers\u00f6nliches Baumbestimmungsbuch. Wildkr\u00e4uterkunde mit Verkostung und Waldapothekerkurse stehen auf dem Programm. K\u00fcnsterlich kreativ geht es beim Waldkunsttag und bei der Naturfotografie, in der H\u00f6rspielwerkstatt und am Waldnachmittag f\u00fcr M\u00e4dchen zu. F\u00fcr Outdoorinteressierte wird Wildniswissen praxisnah vermittelt und im Wald erprobt. Eine spannende Zeitreise f\u00fchrt zur\u00fcck in die Steinzeit. Eine erlebnisreiche Nacht im Wald verbringen Kinder mal nur mit ihren V\u00e4tern, bzw. M\u00fcttern.<\/p>\n<p><a title=\"Hompage des Waldforums Riddagshausen\" href=\"https:\/\/www.waldforum-riddagshausen.de\/index.php?id=2802#c10360\" target=\"_blank\" rel=\"noopener noreferrer\">Das aktuelle Programm der Juniortage.<\/a><\/p>\n","protected":false},"excerpt":{"rendered":"<p>Gemeinsames Forschen, Entdecken und Gestalten \u2013 seit 2014 bietet das Waldforum verschiedene Tagesseminare zu wald- und naturbezogenen Schwerpunkten an. Die Themen umfassen naturwissenschaftliche, kulturhistorische und k\u00fcnstlerisch-kreative Aspekte. Unter fachlicher und p\u00e4dagogischer Anleitung werden die Kinder spielerisch an die Inhalte herangef\u00fchrt und ihr nat\u00fcrlicher Forscherdrang wird gef\u00f6rdert. Die Angebote fordern zum Lernen und Entdecken auf. In &hellip; <\/p>\n<p><a class=\"more-link btn\" href=\"https:\/\/mauestiftung.de\/?page_id=952\">Weiterlesen<\/a><\/p>\n","protected":false},"author":1,"featured_media":0,"parent":1157,"menu_order":1,"comment_status":"closed","ping_status":"closed","template":"","meta":{"footnotes":""},"class_list":["post-952","page","type-page","status-publish","hentry","nodate","item-wrap"],"_links":{"self":[{"href":"https:\/\/mauestiftung.de\/index.php?rest_route=\/wp\/v2\/pages\/952","targetHints":{"allow":["GET"]}}],"collection":[{"href":"https:\/\/mauestiftung.de\/index.php?rest_route=\/wp\/v2\/pages"}],"about":[{"href":"https:\/\/mauestiftung.de\/index.php?rest_route=\/wp\/v2\/types\/page"}],"author":[{"embeddable":true,"href":"https:\/\/mauestiftung.de\/index.php?rest_route=\/wp\/v2\/users\/1"}],"replies":[{"embeddable":true,"href":"https:\/\/mauestiftung.de\/index.php?rest_route=%2Fwp%2Fv2%2Fcomments&post=952"}],"version-history":[{"count":0,"href":"https:\/\/mauestiftung.de\/index.php?rest_route=\/wp\/v2\/pages\/952\/revisions"}],"up":[{"embeddable":true,"href":"https:\/\/mauestiftung.de\/index.php?rest_route=\/wp\/v2\/pages\/1157"}],"wp:attachment":[{"href":"https:\/\/mauestiftung.de\/index.php?rest_route=%2Fwp%2Fv2%2Fmedia&parent=952"}],"curies":[{"name":"wp","href":"https:\/\/api.w.org\/{rel}","templated":true}]}}