{"id":947,"date":"2017-06-01T10:19:31","date_gmt":"2017-06-01T08:19:31","guid":{"rendered":"http:\/\/www.mauestiftung.de\/?page_id=947"},"modified":"2018-08-03T14:19:44","modified_gmt":"2018-08-03T12:19:44","slug":"unsere-waldgrundstuecke","status":"publish","type":"page","link":"https:\/\/mauestiftung.de\/?page_id=947","title":{"rendered":"Unsere Waldgrundst\u00fccke"},"content":{"rendered":"<p><a title=\"Nationalpark S\u00e4chsische Schweiz\" href=\"https:\/\/mauestiftung.de\/?page_id=152\">Nationalpark S\u00e4chsische Schweiz<\/a><\/p>\n<p><a title=\"Naturpark Niederer Fl\u00e4ming\" href=\"https:\/\/mauestiftung.de\/?page_id=154\">Naturpark Niederer Fl\u00e4ming<\/a><\/p>\n<p><a title=\"Naturpark Niederlausitzer Heidelandschaft \u2013 Dr\u00f6\u00dfiger Heide\" href=\"https:\/\/mauestiftung.de\/?page_id=157\">Naturpark Niederlausitzer Heidelandschaft &#8211; Dr\u00f6\u00dfiger Heide<\/a><\/p>\n<p><a title=\"Kurstadt Bad Schandau \u2013 Krippen\" href=\"https:\/\/mauestiftung.de\/?page_id=159\">Kurstadt Bad Schandau &#8211; Krippen<\/a><\/p>\n<p><a title=\"Stadtwald Eisenh\u00fcttenstadt\" href=\"https:\/\/mauestiftung.de\/?page_id=161\">Stadtwald Eisenh\u00fcttenstadt<\/a><\/p>\n<p><a title=\"Projekte unserer Partner\" href=\"https:\/\/mauestiftung.de\/?page_id=163\">Projekte in Braunschweig und Umggebung<\/a><\/p>\n<p><em>&#8222;Aus einem Baum kann man eine Million Streichh\u00f6lzer machen, mit einem Streichholz kann man eine Million B\u00e4ume vernichten. Das Talent der Menschen, sich einen Lebensraum zu schaffen, wird nur durch ihr Talent \u00fcbertroffen, ihn zu zerst\u00f6ren.&#8220;<\/em><\/p>\n<p>Georg Christoph Lichtenberg<\/p>\n<p>Mit insgesamt vierzehn Waldgrundst\u00fccken (Stand :1\/2016) haben die Br\u00fcder Gerald und J\u00fcrgen Maue die Basis f\u00fcr ihre Treuhandstiftung unter dem Dach der B\u00fcrgerstiftung Braunschweig gelegt.<\/p>\n<p>Der naturbelassene Wald, die Erhaltung des nat\u00fcrlichen Lebensraumes sind ihnen wichtig. Die Stiftung will zuk\u00fcnftig den Bereich des nachhaltigen Wald- und Naturschutzes, sowie der Waldp\u00e4dagogik f\u00f6rdern und unterst\u00fctzen.<\/p>\n<p>Dabei ist das direkte Lebensumfeld der Stifter, die Regionen Braunschweig\/Braunschweiger Land\/Niedersachsen, sowie Berlin\/Brandenburg\/Sachsen\/Sachsen-Anhalt ausschlaggebend f\u00fcr F\u00f6rderungen der Stiftung.<\/p>\n<p>Ein weiterer wichtiger F\u00f6rderschwerpunkt im innerkirchlichen Bereich ist die Diakonie\/Gemeinschaftspflege\/Evangelisation der <a href=\"https:\/\/mauestiftung.de\/ueber-uns\/evangelischer-gnadauer-gemeinschaftsverband-e-v\/\">Gnadauer Gemeinschaftsbewegung<\/a>.<\/p>\n","protected":false},"excerpt":{"rendered":"<p>Nationalpark S\u00e4chsische Schweiz Naturpark Niederer Fl\u00e4ming Naturpark Niederlausitzer Heidelandschaft &#8211; Dr\u00f6\u00dfiger Heide Kurstadt Bad Schandau &#8211; Krippen Stadtwald Eisenh\u00fcttenstadt Projekte in Braunschweig und Umggebung &#8222;Aus einem Baum kann man eine Million Streichh\u00f6lzer machen, mit einem Streichholz kann man eine Million B\u00e4ume vernichten. Das Talent der Menschen, sich einen Lebensraum zu schaffen, wird nur durch ihr &hellip; <\/p>\n<p><a class=\"more-link btn\" href=\"https:\/\/mauestiftung.de\/?page_id=947\">Weiterlesen<\/a><\/p>\n","protected":false},"author":1,"featured_media":0,"parent":77,"menu_order":0,"comment_status":"closed","ping_status":"closed","template":"","meta":{"footnotes":""},"class_list":["post-947","page","type-page","status-publish","hentry","nodate","item-wrap"],"_links":{"self":[{"href":"https:\/\/mauestiftung.de\/index.php?rest_route=\/wp\/v2\/pages\/947","targetHints":{"allow":["GET"]}}],"collection":[{"href":"https:\/\/mauestiftung.de\/index.php?rest_route=\/wp\/v2\/pages"}],"about":[{"href":"https:\/\/mauestiftung.de\/index.php?rest_route=\/wp\/v2\/types\/page"}],"author":[{"embeddable":true,"href":"https:\/\/mauestiftung.de\/index.php?rest_route=\/wp\/v2\/users\/1"}],"replies":[{"embeddable":true,"href":"https:\/\/mauestiftung.de\/index.php?rest_route=%2Fwp%2Fv2%2Fcomments&post=947"}],"version-history":[{"count":0,"href":"https:\/\/mauestiftung.de\/index.php?rest_route=\/wp\/v2\/pages\/947\/revisions"}],"up":[{"embeddable":true,"href":"https:\/\/mauestiftung.de\/index.php?rest_route=\/wp\/v2\/pages\/77"}],"wp:attachment":[{"href":"https:\/\/mauestiftung.de\/index.php?rest_route=%2Fwp%2Fv2%2Fmedia&parent=947"}],"curies":[{"name":"wp","href":"https:\/\/api.w.org\/{rel}","templated":true}]}}