{"id":83,"date":"2014-06-18T15:39:53","date_gmt":"2014-06-18T13:39:53","guid":{"rendered":"http:\/\/www.mauestiftung.de\/?page_id=83"},"modified":"2025-08-13T10:49:54","modified_gmt":"2025-08-13T08:49:54","slug":"gemeinschaftliches-leben","status":"publish","type":"page","link":"https:\/\/mauestiftung.de\/?page_id=83","title":{"rendered":"Diakonie und Gemeinschaftspflege"},"content":{"rendered":"<p><a href=\"https:\/\/www.csbs.de\/\" target=\"_blank\" rel=\"noopener noreferrer\">Christliche Schule Braunschweig, Tischkicker<\/a><\/p>\n<p><a href=\"https:\/\/mauestiftung.de\/?page_id=957\">ECHT Caf\u00e9 Detmold<\/a><\/p>\n<p><a href=\"https:\/\/mauestiftung.de\/?page_id=1163\">Evangelische Gemeinschaft Mitte, <\/a><a href=\"https:\/\/mauestiftung.de\/?page_id=1163\">Sp\u00fclmaschine<\/a><\/p>\n<p><a href=\"https:\/\/mauestiftung.de\/?page_id=957\">Evangelische Sch\u00fclerarbeit (BK) Berlin<\/a><\/p>\n<p><a href=\"https:\/\/mauestiftung.de\/?page_id=1093\">Festival der Hoffnung 2018, Braunschweig<\/a><\/p>\n<p><a href=\"https:\/\/mauestiftung.de\/?page_id=957\">Fischkutter Jugend- und Begegnungsst\u00e4tte e.V. in Rostock Toitenwinkel<\/a><\/p>\n<p><a href=\"https:\/\/mauestiftung.de\/?page_id=1384\">Glocke Weidenkirche, Berlin<\/a><\/p>\n<p><a href=\"https:\/\/mauestiftung.de\/?page_id=1343\">Gnadauer Zukunftskongress Upgrade weiter.echter.tiefer, Willingen<\/a><\/p>\n<p><a href=\"https:\/\/mauestiftung.de\/?page_id=1087\">Hof der Landeskirchlichen Gemeinschaft, Schaukelpferd<\/a><\/p>\n<p><a href=\"https:\/\/lifeonstage.com\/tour-braunschweig\/\">Life on Stage &#8211; Auff\u00fchrung des Musicals in der Braunschweiger Millennium-Halle<\/a><\/p>\n<p><a href=\"https:\/\/mauestiftung.de\/?page_id=957\">LKG Wolfenb\u00fcttel<\/a><a href=\"https:\/\/mauestiftung.de\/?page_id=958\">, neuer Gasherd f\u00fcr die arabischen Gottesdienste<\/a><\/p>\n<p><a href=\"https:\/\/mauestiftung.de\/?page_id=957\">Nebenan \u2013 Treffpunkt in Wittenberg<\/a><\/p>\n<p><a href=\"https:\/\/www.reparaturcafe-bs.de\/\" target=\"_blank\" rel=\"noopener noreferrer\">Reparaturcaf\u00e9, Braunschweig<\/a><\/p>\n<p><a href=\"https:\/\/mauestiftung.de\/?page_id=1088\">Theologisches Studienzentrum Berlin, Ausbau<\/a><\/p>\n<p><a href=\"https:\/\/mauestiftung.de\/?page_id=1096\">Vergiss mich nicht (Seniorenprojekt), Berlin<\/a><\/p>\n","protected":false},"excerpt":{"rendered":"<p>Christliche Schule Braunschweig, Tischkicker ECHT Caf\u00e9 Detmold Evangelische Gemeinschaft Mitte, Sp\u00fclmaschine Evangelische Sch\u00fclerarbeit (BK) Berlin Festival der Hoffnung 2018, Braunschweig Fischkutter Jugend- und Begegnungsst\u00e4tte e.V. in Rostock Toitenwinkel Glocke Weidenkirche, Berlin Gnadauer Zukunftskongress Upgrade weiter.echter.tiefer, Willingen Hof der Landeskirchlichen Gemeinschaft, Schaukelpferd Life on Stage &#8211; Auff\u00fchrung des Musicals in der Braunschweiger Millennium-Halle LKG Wolfenb\u00fcttel, neuer &hellip; <\/p>\n<p><a class=\"more-link btn\" href=\"https:\/\/mauestiftung.de\/?page_id=83\">Weiterlesen<\/a><\/p>\n","protected":false},"author":1,"featured_media":0,"parent":59,"menu_order":3,"comment_status":"open","ping_status":"open","template":"","meta":{"footnotes":""},"class_list":["post-83","page","type-page","status-publish","hentry","nodate","item-wrap"],"_links":{"self":[{"href":"https:\/\/mauestiftung.de\/index.php?rest_route=\/wp\/v2\/pages\/83","targetHints":{"allow":["GET"]}}],"collection":[{"href":"https:\/\/mauestiftung.de\/index.php?rest_route=\/wp\/v2\/pages"}],"about":[{"href":"https:\/\/mauestiftung.de\/index.php?rest_route=\/wp\/v2\/types\/page"}],"author":[{"embeddable":true,"href":"https:\/\/mauestiftung.de\/index.php?rest_route=\/wp\/v2\/users\/1"}],"replies":[{"embeddable":true,"href":"https:\/\/mauestiftung.de\/index.php?rest_route=%2Fwp%2Fv2%2Fcomments&post=83"}],"version-history":[{"count":1,"href":"https:\/\/mauestiftung.de\/index.php?rest_route=\/wp\/v2\/pages\/83\/revisions"}],"predecessor-version":[{"id":1517,"href":"https:\/\/mauestiftung.de\/index.php?rest_route=\/wp\/v2\/pages\/83\/revisions\/1517"}],"up":[{"embeddable":true,"href":"https:\/\/mauestiftung.de\/index.php?rest_route=\/wp\/v2\/pages\/59"}],"wp:attachment":[{"href":"https:\/\/mauestiftung.de\/index.php?rest_route=%2Fwp%2Fv2%2Fmedia&parent=83"}],"curies":[{"name":"wp","href":"https:\/\/api.w.org\/{rel}","templated":true}]}}