{"id":81,"date":"2014-06-18T15:36:35","date_gmt":"2014-06-18T13:36:35","guid":{"rendered":"http:\/\/www.mauestiftung.de\/?page_id=81"},"modified":"2020-02-18T13:35:27","modified_gmt":"2020-02-18T12:35:27","slug":"evangelischer-gnadauer-gemeinschaftsverband-e-v","status":"publish","type":"page","link":"https:\/\/mauestiftung.de\/?page_id=81","title":{"rendered":"Evangelischer Gnadauer Gemeinschaftsverband e.V."},"content":{"rendered":"<p><strong>Ein weiterer wichtiger F\u00f6rderschwerpunkt der Stiftung ist im innerkirchlichen Bereich die Diakonie\/Gemeinschaftspflege\/Evangelisation der Gnadauer Gemeinschaftsbewegung.<\/strong><\/p>\n<p><strong>Ihre Ursprungswurzeln liegen im Pietismus des ausgehenden 19.-ten Jahrhunderts. Die Gr\u00fcndung erfolgte im Jahr 1888 in Gnadau bei Magdeburg im heutigen Sachsen \u2013 Anhalt unter anderem durch Reichsgraf Eduard von P\u00fcckler gegr\u00fcndet.<\/strong><\/p>\n<h3>Gnadau Gestern<\/h3>\n<p><strong>Eduard Graf von P\u00fcckler<\/strong><\/p>\n<p>(* 13. September 1853 in Rogau, Schlesien; \u2020 31. M\u00e4rz 1924 in Schedlau, Oberschlesien) war ein deutscher Standesherr und einer der Begr\u00fcnder der \u201emodernen Gemeinschaftsbewegung\u201c. Eduard Graf von P\u00fcckler war der zweite Sohn des Grafen Erdmann von P\u00fcckler-Limpurg und seiner Ehefrau Gr\u00e4fin Berta P\u00fcckler. Unterrichtet wurde er durch einen Hauslehrer auf dem v\u00e4terlichen Rittergut. Nach dem Besuch der Ritterakademie in Liegnitz leistete er seinen Milit\u00e4rdienst bei den Husaren in Bonn, gleichzeitig studierte er dort Jura. 1874 wurde er Mitglied des Corps Borussia Bonn. Bedingt durch einen Unfall musste er sein Studium unterbrechen und f\u00fchrte es im Jahr 1875 in Leipzig fort. Das juristische Referendariat absolvierte P\u00fcckler in Wiesbaden, Muskau, G\u00f6rlitz und Berlin. Nach einem pers\u00f6nlichen Bekehrungserlebnis im Jahr 1878 engagierte er sich als Christ, so unterrichtete er in der Sonntagsschule seiner Kirchengemeinde. 1883 war er einer der Mitbegr\u00fcnder des ersten CVJM in Berlin. 1885 reiste P\u00fcckler nach England und in die USA. Von 1886 bis 1924 war er Vorsitzender der Christlichen Gemeinschaft St. Michael. 1886 verlie\u00df P\u00fcckler den Staatsdienst. Er gilt, zusammen mit Jasper von Oertzen und Andreas Graf von Bernstorff, als einer der Initiatoren der ersten <em>Gnadauer Konferenz<\/em> (1888). Von 1897 bis zum 8. Juni 1906 war er Vorsitzender (Pr\u00e4ses) des Verbandes f\u00fcr Gemeinschaftspflege und Evangelisation, zu dessen Gr\u00fcndern er geh\u00f6rte. Von 1895 bis 1912 war er der Vorsitzende der Deutschen Christlichen Studentenvereinigung (CSV), die er 1895 mitbegr\u00fcndet hatte.<\/p>\n<h3>Gnadau Heute<\/h3>\n<p><strong>Michael Diener<\/strong><\/p>\n<p>(* 1962 in Pirmasens) ist ein deutscher Theologe, Buchautor, Pr\u00e4ses des Evangelischen Gnadauer Gemeinschaftsverbandes und ehrenamtlicher Vorsitzender der Deutschen Evangelischen Allianz. Biographie : Michael Diener wuchs in Pirmasens auf und war dort Mitglied der Evangelischen Stadtmission. Sein <strong>Studium<\/strong> der Evangelischen Theologie absolvierte Diener von 1982 bis 1989 am Geistlichen R\u00fcstzentrum Krelingen (Walsrode), in Heidelberg, Erlangen und T\u00fcbingen. Von 1990 bis 1993 arbeitete er in Heidelberg an einer <strong>Dissertation<\/strong> \u00fcber den ehemaligen Gnadauer Pr\u00e4ses Walter Michaelis. Nach seinem Vikariat von 1992 bis 1994 im pf\u00e4lzischen Altenkirchen und bei der Erwachsenenbildung der Evangelischen Kirche der Pfalz war er von 1996 bis 2005 <strong>Pfarrer<\/strong> der Johanneskirche in Pirmasens. Von 2005 bis 2009 war Michael Diener <strong>Dekan<\/strong> des Kirchenbezirkes Pirmasens und <strong>Pfarrer<\/strong> der Lutherkirchengemeinde. Seit Herbst 2009 ist er der <strong>Pr\u00e4ses<\/strong> des <em>Evangelischen Gnadauer Gemeinschaftsverbandes<\/em>. Im September 2011 wurde er als Nachfolger von J\u00fcrgen Werth zum <strong>ehrenamtlichen Vorsitzenden<\/strong> der Deutschen Evangelischen Allianz ab Januar 2012 gew\u00e4hlt. Diener ist seit der Wiedervereinigung der Deutschen Evangelischen Allianz 1991 der j\u00fcngste Vorsitzende. Im <strong>Ehrenamt<\/strong> ist Michael Diener ist <strong>Mitglied im Vorstand<\/strong> der Gro\u00dfevangelisationsveranstaltung ProChrist. <strong>Ver\u00f6ffentlichungen<\/strong>: <em>Kurshalten in st\u00fcrmischer Zeit<\/em>. (Dissertation).<\/p>\n<p><a href=\"https:\/\/www.gnadauer.de\/\" target=\"_blank\" rel=\"noopener noreferrer\"><img loading=\"lazy\" decoding=\"async\" class=\"alignnone\" src=\"https:\/\/mauestiftung.de\/wp-content\/uploads\/logo_gnadauer_verband.jpg\" alt=\"\" width=\"260\" height=\"120\" \/><\/a><\/p>\n","protected":false},"excerpt":{"rendered":"<p>Ein weiterer wichtiger F\u00f6rderschwerpunkt der Stiftung ist im innerkirchlichen Bereich die Diakonie\/Gemeinschaftspflege\/Evangelisation der Gnadauer Gemeinschaftsbewegung. Ihre Ursprungswurzeln liegen im Pietismus des ausgehenden 19.-ten Jahrhunderts. Die Gr\u00fcndung erfolgte im Jahr 1888 in Gnadau bei Magdeburg im heutigen Sachsen \u2013 Anhalt unter anderem durch Reichsgraf Eduard von P\u00fcckler gegr\u00fcndet. Gnadau Gestern Eduard Graf von P\u00fcckler (* 13. &hellip; <\/p>\n<p><a class=\"more-link btn\" href=\"https:\/\/mauestiftung.de\/?page_id=81\">Weiterlesen<\/a><\/p>\n","protected":false},"author":1,"featured_media":0,"parent":54,"menu_order":7,"comment_status":"open","ping_status":"open","template":"","meta":{"footnotes":""},"class_list":["post-81","page","type-page","status-publish","hentry","nodate","item-wrap"],"_links":{"self":[{"href":"https:\/\/mauestiftung.de\/index.php?rest_route=\/wp\/v2\/pages\/81","targetHints":{"allow":["GET"]}}],"collection":[{"href":"https:\/\/mauestiftung.de\/index.php?rest_route=\/wp\/v2\/pages"}],"about":[{"href":"https:\/\/mauestiftung.de\/index.php?rest_route=\/wp\/v2\/types\/page"}],"author":[{"embeddable":true,"href":"https:\/\/mauestiftung.de\/index.php?rest_route=\/wp\/v2\/users\/1"}],"replies":[{"embeddable":true,"href":"https:\/\/mauestiftung.de\/index.php?rest_route=%2Fwp%2Fv2%2Fcomments&post=81"}],"version-history":[{"count":0,"href":"https:\/\/mauestiftung.de\/index.php?rest_route=\/wp\/v2\/pages\/81\/revisions"}],"up":[{"embeddable":true,"href":"https:\/\/mauestiftung.de\/index.php?rest_route=\/wp\/v2\/pages\/54"}],"wp:attachment":[{"href":"https:\/\/mauestiftung.de\/index.php?rest_route=%2Fwp%2Fv2%2Fmedia&parent=81"}],"curies":[{"name":"wp","href":"https:\/\/api.w.org\/{rel}","templated":true}]}}