{"id":73,"date":"2014-06-18T15:35:11","date_gmt":"2014-06-18T13:35:11","guid":{"rendered":"http:\/\/www.mauestiftung.de\/?page_id=73"},"modified":"2017-06-12T10:57:15","modified_gmt":"2017-06-12T08:57:15","slug":"satzung","status":"publish","type":"page","link":"https:\/\/mauestiftung.de\/?page_id=73","title":{"rendered":"Satzung"},"content":{"rendered":"<p>Die Stiftung erf\u00fcllt folgende Zwecke:<\/p>\n<ul>\n<li>Ma\u00dfnahmen f\u00f6rdern und durchf\u00fchren, welche die Umwelt versch\u00f6nern und Wald wachsen lassen. Dazu geh\u00f6rt insbesondere, naturnahe und urw\u00fcchsige Waldbest\u00e4nde zu retten. Die Aktivit\u00e4ten konzentrieren sich dabei auf die Gebiete Niedersachen, Sachsen, Sachsen-Anhalt und Brandenburg.<\/li>\n<\/ul>\n<ul>\n<li>Projekte von Kirchengemeinden o.\u00e4. f\u00f6rdern, speziell in der Stadt Braunschweig, im Braunschweiger Land, im Hannoverschen Land, in Berlin-Brandenburg, in der Nieder- und Oberlausitz und in der s\u00e4chsischen Schweiz.<\/li>\n<\/ul>\n<ul>\n<li>Projekte unterst\u00fctzen, welche dem Gemeinwohl in Braunschweig, im Braunschweiger Land, in Niedersachen, Nordrhein-Westfalen, Berlin, Brandenburg, Mecklenburg-Vorpommern, Sachsen-Anhalt und Sachsen dienen.<\/li>\n<\/ul>\n<p><a href=\"https:\/\/mauestiftung.de\/wp-content\/uploads\/satzung.pdf\" target=\"_blank\" rel=\"noopener\">Download der gesamten Satzung<\/a><\/p>\n","protected":false},"excerpt":{"rendered":"<p>Die Stiftung erf\u00fcllt folgende Zwecke: Ma\u00dfnahmen f\u00f6rdern und durchf\u00fchren, welche die Umwelt versch\u00f6nern und Wald wachsen lassen. Dazu geh\u00f6rt insbesondere, naturnahe und urw\u00fcchsige Waldbest\u00e4nde zu retten. Die Aktivit\u00e4ten konzentrieren sich dabei auf die Gebiete Niedersachen, Sachsen, Sachsen-Anhalt und Brandenburg. Projekte von Kirchengemeinden o.\u00e4. f\u00f6rdern, speziell in der Stadt Braunschweig, im Braunschweiger Land, im Hannoverschen Land, &hellip; <\/p>\n<p><a class=\"more-link btn\" href=\"https:\/\/mauestiftung.de\/?page_id=73\">Weiterlesen<\/a><\/p>\n","protected":false},"author":1,"featured_media":0,"parent":54,"menu_order":2,"comment_status":"open","ping_status":"open","template":"","meta":{"footnotes":""},"class_list":["post-73","page","type-page","status-publish","hentry","nodate","item-wrap"],"_links":{"self":[{"href":"https:\/\/mauestiftung.de\/index.php?rest_route=\/wp\/v2\/pages\/73","targetHints":{"allow":["GET"]}}],"collection":[{"href":"https:\/\/mauestiftung.de\/index.php?rest_route=\/wp\/v2\/pages"}],"about":[{"href":"https:\/\/mauestiftung.de\/index.php?rest_route=\/wp\/v2\/types\/page"}],"author":[{"embeddable":true,"href":"https:\/\/mauestiftung.de\/index.php?rest_route=\/wp\/v2\/users\/1"}],"replies":[{"embeddable":true,"href":"https:\/\/mauestiftung.de\/index.php?rest_route=%2Fwp%2Fv2%2Fcomments&post=73"}],"version-history":[{"count":0,"href":"https:\/\/mauestiftung.de\/index.php?rest_route=\/wp\/v2\/pages\/73\/revisions"}],"up":[{"embeddable":true,"href":"https:\/\/mauestiftung.de\/index.php?rest_route=\/wp\/v2\/pages\/54"}],"wp:attachment":[{"href":"https:\/\/mauestiftung.de\/index.php?rest_route=%2Fwp%2Fv2%2Fmedia&parent=73"}],"curies":[{"name":"wp","href":"https:\/\/api.w.org\/{rel}","templated":true}]}}