{"id":65,"date":"2014-06-18T15:29:47","date_gmt":"2014-06-18T13:29:47","guid":{"rendered":"http:\/\/www.mauestiftung.de\/?page_id=65"},"modified":"2018-08-10T11:20:37","modified_gmt":"2018-08-10T09:20:37","slug":"wir-brauchen-sie","status":"publish","type":"page","link":"https:\/\/mauestiftung.de\/?page_id=65","title":{"rendered":"Wir brauchen Sie!"},"content":{"rendered":"<h3>Unterst\u00fctzen Sie uns aktiv!<\/h3>\n<p>Am Standort Bl\u00f6nsdorf im Naturpark Niederer Fl\u00e4ming m\u00f6chte die Stiftung ein waldp\u00e4dagogisches Schulprojekt durchf\u00fchren. Zur Verf\u00fcgung steht eine stiftungseigene Waldfl\u00e4chen von etwa einem 3\/4 Hektar. Diese Waldfl\u00e4che wurde vor l\u00e4ngerer Zeit bis auf ca. 20 -30% des alten Kiefernoberstandes abgeforstet. Der Bestockungsgrad des Oberstandes betr\u00e4gt jetzt nur noch 0,2 -0,4. Ein Laubwald-Unterstand hat sich nur partiell gebildet. Der gr\u00f6\u00dfte Teil des Flurst\u00fcckes ist stark mit Brombeer-und Himbeerstr\u00e4uchern verkrautet. Die gesamte Fl\u00e4che ist \u00fcberwuchert. Nun soll diese Waldfl\u00e4che in ihrer urspr\u00fcnglichen Struktur wiederhergestellt werden.<\/p>\n<p>Dazu mu\u00df die gesamte Fl\u00e4che tiefgreifend im Wurzelbereich entkrautet werden, ohne die vorhandene Humusschicht nachhaltig zu besch\u00e4digen. Diese soll von einer Waldbaufirma fachm\u00e4nnisch durchgef\u00fchrt werden. Die entfernte Biomasse wird geschreddert und einer biologischen Weiterverwendung zugef\u00fchrt. Der w\u00fcchsige Laubholz-Unterstand bleibt erhalten, der Wildwuchs wird ebenfalls entfernt und verwertet.<\/p>\n<p>Das gesamte Flurst\u00fcck wird zum Schutz gegen Wildverbiss eingez\u00e4unt. Damit sind die vorbereitenden kulturbegr\u00fcndenden Ma\u00dfnahmen des Waldbaubetriebes abgeschlossen. Jetzt beginnt das waldp\u00e4dagogische Schulprojekt. Die Kulturbegr\u00fcndung und die Kulturpflege soll nach M\u00f6glichkeit \u00fcber ein Schulprojekt erfolgen, an dem sich auch mehrere Schulen aus der Umgebung beteiligen k\u00f6nnen. F\u00fcr die fachliche Begleitung und Patenschaft des Projektes wird ein Gartenbaubetrieb oder ein forstwirtschaftliches Unternehmen aus dem Umkreis gesucht. Alle n\u00f6tigen Bewerbungen f\u00fcr diese T\u00e4tigkeiten sind an die ausschreibende Stiftung direkt zu richten.<\/p>\n<p><strong>Die Stiftung bittet f\u00fcr dieses wichtige waldp\u00e4dagogische Schulprojekt um Spenden, um einen Teil der zuk\u00fcnftigen Finanzierung sicherstellen zu k\u00f6nnen. Ein weiter Teil der Projektfinanzierung soll \u00fcber F\u00f6rdermittel und Firmensponsoring erfolgen. Die Spenden f\u00fcr Projekte und Stiftung k\u00f6nnen in Gr\u00f6\u00dfenordnungen von 5 \u20ac oder einem Vielfachen davon get\u00e4tigt werden.<\/strong><\/p>\n<p><strong>Wir m\u00f6chten uns schon jetzt bei allen potenziellen Spendern, Zustiftern, die die Realisierung dieser wichtigen Projekte \u00fcberhaupt erst erm\u00f6glichen werden, bedanken!<\/strong><\/p>\n<p><a href=\"https:\/\/mauestiftung.de\/?page_id=104\" rel=\"noopener\"><strong>Unsere Bankverbindung.<\/strong><\/a><\/p>\n<p>&nbsp;<\/p>\n","protected":false},"excerpt":{"rendered":"<p>Unterst\u00fctzen Sie uns aktiv! Am Standort Bl\u00f6nsdorf im Naturpark Niederer Fl\u00e4ming m\u00f6chte die Stiftung ein waldp\u00e4dagogisches Schulprojekt durchf\u00fchren. Zur Verf\u00fcgung steht eine stiftungseigene Waldfl\u00e4chen von etwa einem 3\/4 Hektar. Diese Waldfl\u00e4che wurde vor l\u00e4ngerer Zeit bis auf ca. 20 -30% des alten Kiefernoberstandes abgeforstet. Der Bestockungsgrad des Oberstandes betr\u00e4gt jetzt nur noch 0,2 -0,4. Ein &hellip; <\/p>\n<p><a class=\"more-link btn\" href=\"https:\/\/mauestiftung.de\/?page_id=65\">Weiterlesen<\/a><\/p>\n","protected":false},"author":1,"featured_media":0,"parent":0,"menu_order":4,"comment_status":"open","ping_status":"open","template":"","meta":{"footnotes":""},"class_list":["post-65","page","type-page","status-publish","hentry","nodate","item-wrap"],"_links":{"self":[{"href":"https:\/\/mauestiftung.de\/index.php?rest_route=\/wp\/v2\/pages\/65","targetHints":{"allow":["GET"]}}],"collection":[{"href":"https:\/\/mauestiftung.de\/index.php?rest_route=\/wp\/v2\/pages"}],"about":[{"href":"https:\/\/mauestiftung.de\/index.php?rest_route=\/wp\/v2\/types\/page"}],"author":[{"embeddable":true,"href":"https:\/\/mauestiftung.de\/index.php?rest_route=\/wp\/v2\/users\/1"}],"replies":[{"embeddable":true,"href":"https:\/\/mauestiftung.de\/index.php?rest_route=%2Fwp%2Fv2%2Fcomments&post=65"}],"version-history":[{"count":0,"href":"https:\/\/mauestiftung.de\/index.php?rest_route=\/wp\/v2\/pages\/65\/revisions"}],"wp:attachment":[{"href":"https:\/\/mauestiftung.de\/index.php?rest_route=%2Fwp%2Fv2%2Fmedia&parent=65"}],"curies":[{"name":"wp","href":"https:\/\/api.w.org\/{rel}","templated":true}]}}