{"id":330,"date":"2014-07-29T12:18:22","date_gmt":"2014-07-29T10:18:22","guid":{"rendered":"http:\/\/www.mauestiftung.de\/?page_id=330"},"modified":"2021-01-07T09:59:27","modified_gmt":"2021-01-07T08:59:27","slug":"unser-unterstuetzerkreis","status":"publish","type":"page","link":"https:\/\/mauestiftung.de\/?page_id=330","title":{"rendered":"Unser Unterst\u00fctzerkreis"},"content":{"rendered":"<p>Die Stiftung ist auf Spenden und Zustiftungen angewiesen um nachhaltig t\u00e4tig werden zu k\u00f6nnen.<\/p>\n<p>Wir m\u00f6chten hiermit besonderen Dank aussprechen an:<\/p>\n<p>&nbsp;<\/p>\n<table style=\"height: 583px;\" width=\"1127\">\n<tbody>\n<tr>\n<td style=\"background-color: #ffffff; border-color: #ffffff;\"><strong>Gr\u00fcndungsstifter<\/strong><\/td>\n<td style=\"background-color: #ffffff; border-color: #ffffff;\"><strong>Zustifter<\/strong><\/td>\n<td style=\"background-color: #ffffff; border-color: #ffffff;\"><strong>Spender<\/strong><\/td>\n<\/tr>\n<tr valign=\"top\">\n<td style=\"background-color: #ffffff; border-color: #ffffff;\">Gerald Maue, Berlin<br \/>\nJ\u00fcrgen Maue, Braunschweig<\/td>\n<td style=\"background-color: #ffffff; border-color: #ffffff;\">Georg und Dr. Mechthild Baumann, Falkensee<br \/>\nDaniela Frezzato, Berlin<br \/>\nHenny Lindhauer\u00a0 <img loading=\"lazy\" decoding=\"async\" class=\"alignnone\" src=\"https:\/\/mauestiftung.de\/wp-content\/uploads\/kreuz.png\" alt=\"\" width=\"5\" height=\"7\" \/>, Braunschweig<br \/>\nWolfgang Lindhauer\u00a0 <img loading=\"lazy\" decoding=\"async\" src=\"https:\/\/mauestiftung.de\/wp-content\/uploads\/kreuz.png\" alt=\"\" width=\"5\" height=\"7\" \/>, Braunschweig<br \/>\nStephan Park, Berlin<br \/>\nEdeltraut Strnisko, Gifhorn<br \/>\nGisela Siegemund, Flensburg<br \/>\nSonja Zierath, Weferlingen<\/td>\n<td style=\"background-color: #ffffff; border-color: #ffffff;\">Holger Bierlein, Berlin<br \/>\nChristusZentrum Brauschweig e.V., Braunschweig<br \/>\nSebastian Bergmann, Berlin<br \/>\nElisebeth Deutsch, M\u00fcnchen<br \/>\nMelitta und Georg Schulz, Berlin<br \/>\nManfred Kochsiek, Braunschweig<br \/>\nBettina Krause, Braunschweig<br \/>\nDaniela und Bernhard Lade, Schnaittach<br \/>\nLandeskirchliche Gemeinschaft Bezirk Braunschweig e.V., Braunschweig<br \/>\nKarin und Hartmut Lippe, Braunschweig<br \/>\nRolf und Christel L\u00f6hr, Braunschweig<br \/>\nStephan Park, Berlin<br \/>\nAxel und Susanne Pausch, Braunschweig<br \/>\nHarald und Martina Schaper, Braunschweig<br \/>\nAnke Schmidt<br \/>\nDr. Michael Schulz, Braunschweig<br \/>\nRuth Seidler, Braunschweig<br \/>\nSiedlerverein Alt-Petritor e.V., Braunschweig<br \/>\nBrunhilde und Johannes Weider, Berlin<\/td>\n<\/tr>\n<\/tbody>\n<\/table>\n","protected":false},"excerpt":{"rendered":"<p>Die Stiftung ist auf Spenden und Zustiftungen angewiesen um nachhaltig t\u00e4tig werden zu k\u00f6nnen. Wir m\u00f6chten hiermit besonderen Dank aussprechen an: &nbsp; Gr\u00fcndungsstifter Zustifter Spender Gerald Maue, Berlin J\u00fcrgen Maue, Braunschweig Georg und Dr. Mechthild Baumann, Falkensee Daniela Frezzato, Berlin Henny Lindhauer\u00a0 , Braunschweig Wolfgang Lindhauer\u00a0 , Braunschweig Stephan Park, Berlin Edeltraut Strnisko, Gifhorn Gisela &hellip; <\/p>\n<p><a class=\"more-link btn\" href=\"https:\/\/mauestiftung.de\/?page_id=330\">Weiterlesen<\/a><\/p>\n","protected":false},"author":1,"featured_media":0,"parent":54,"menu_order":5,"comment_status":"open","ping_status":"open","template":"","meta":{"footnotes":""},"class_list":["post-330","page","type-page","status-publish","hentry","nodate","item-wrap"],"_links":{"self":[{"href":"https:\/\/mauestiftung.de\/index.php?rest_route=\/wp\/v2\/pages\/330","targetHints":{"allow":["GET"]}}],"collection":[{"href":"https:\/\/mauestiftung.de\/index.php?rest_route=\/wp\/v2\/pages"}],"about":[{"href":"https:\/\/mauestiftung.de\/index.php?rest_route=\/wp\/v2\/types\/page"}],"author":[{"embeddable":true,"href":"https:\/\/mauestiftung.de\/index.php?rest_route=\/wp\/v2\/users\/1"}],"replies":[{"embeddable":true,"href":"https:\/\/mauestiftung.de\/index.php?rest_route=%2Fwp%2Fv2%2Fcomments&post=330"}],"version-history":[{"count":0,"href":"https:\/\/mauestiftung.de\/index.php?rest_route=\/wp\/v2\/pages\/330\/revisions"}],"up":[{"embeddable":true,"href":"https:\/\/mauestiftung.de\/index.php?rest_route=\/wp\/v2\/pages\/54"}],"wp:attachment":[{"href":"https:\/\/mauestiftung.de\/index.php?rest_route=%2Fwp%2Fv2%2Fmedia&parent=330"}],"curies":[{"name":"wp","href":"https:\/\/api.w.org\/{rel}","templated":true}]}}