{"id":161,"date":"2014-06-19T14:22:33","date_gmt":"2014-06-19T12:22:33","guid":{"rendered":"http:\/\/www.mauestiftung.de\/?page_id=161"},"modified":"2018-08-10T11:17:57","modified_gmt":"2018-08-10T09:17:57","slug":"stadtwald-eisenhuettenstadt","status":"publish","type":"page","link":"https:\/\/mauestiftung.de\/?page_id=161","title":{"rendered":"Stadtwald Eisenh\u00fcttenstadt"},"content":{"rendered":"<h3>Standort in Eisenh\u00fcttenstadt OT F\u00fcrstenberg (Oder)\/Stadtwald<\/h3>\n<p><img loading=\"lazy\" decoding=\"async\" src=\"https:\/\/mauestiftung.de\/wp-content\/uploads\/eisenhuettenstadt_karte.jpg\" alt=\"\" width=\"700\" height=\"641\" \/><\/p>\n<p><img loading=\"lazy\" decoding=\"async\" src=\"https:\/\/mauestiftung.de\/wp-content\/uploads\/eisenhuettenstadt_google_satellit.jpg\" alt=\"\" width=\"1004\" height=\"668\" \/><\/p>\n<h4>Tourismus am Standort in Eisenh\u00fcttenstadt (Oder)<\/h4>\n<p>Die Stadt Eisenh\u00fcttenstadt, gelegen im Landkreis Oder-Spree (dem wald- und wasserreichsten Landkreis Deutschlands) hat viel f\u00fcr Tourismus und Fremdenverkehr zu bieten.<\/p>\n<p>Alle touristischen Informationen zur Stadt Eisenh\u00fcttenstadt und der Region erhalten Sie im<\/p>\n<p>Fremdenverkehrsb\u00fcro Eisenh\u00fcttenstadt des Tourismusverein Oder-Region Eisenh\u00fcttenstadt e.V. (TOR)<br \/>\nLindenallee 25<br \/>\n15890 Eisenh\u00fcttenstadt<br \/>\nTelefon: (03364) 41 36 90<br \/>\nInternet: www.tor-eisenhuettenstadt.de.<\/p>\n<p>&nbsp;<\/p>\n<table>\n<tbody>\n<tr>\n<td style=\"background-color: #ffffff; border-color: #ffffff;\"><img loading=\"lazy\" decoding=\"async\" src=\"https:\/\/mauestiftung.de\/wp-content\/uploads\/eisenhuettenstadt_foto_01.jpg\" alt=\"\" width=\"300\" height=\"226\" \/><\/td>\n<td style=\"background-color: #ffffff; border-color: #ffffff; vertical-align: top;\">Eisenh\u00fcttenstadt ist eingebettet in einer reizvollen Landschaft. Die H\u00fcgelkette der Diehloer Berge signalisiert die N\u00e4he zum Schlaubetal. Die Landschaft entlang der Oder bietet Natur pur. Ein mittlerweile gut ausgebautes Radwegenetz und Wanderwege bieten beste Voraussetzungen, das Umland mit seinen zahlreichen Seen und landschaftlichen Sch\u00f6nheiten zu erkunden.<\/td>\n<\/tr>\n<tr>\n<td style=\"background-color: #ffffff; border-color: #ffffff;\"><img loading=\"lazy\" decoding=\"async\" src=\"https:\/\/mauestiftung.de\/wp-content\/uploads\/eisenhuettenstadt_foto_02.jpg\" alt=\"\" width=\"300\" height=\"198\" \/><\/td>\n<td style=\"background-color: #ffffff; border-color: #ffffff; vertical-align: top;\">Voraussetzung f\u00fcr aktive Erholung f\u00fcr Jung und Alt bietet der Freizeit- und Erholungspark &#8222;Insel&#8220; inmitten der Stadt. Hier sind unter anderem ein Inselbad mit Wasserrutsche und Freianlage vorhanden, eine Minigolfanlage und das Tiergehege.<\/td>\n<\/tr>\n<tr>\n<td style=\"background-color: #ffffff; border-color: #ffffff;\"><img loading=\"lazy\" decoding=\"async\" src=\"https:\/\/mauestiftung.de\/wp-content\/uploads\/eisenhuettenstadt_foto_03.jpg\" alt=\"\" width=\"300\" height=\"226\" \/><\/td>\n<td style=\"background-color: #ffffff; border-color: #ffffff; vertical-align: top;\">Waren sie schon im Tiergehege von Eisenh\u00fcttenstadt&#8220; Nicht, dann wird&#8217;s Zeit\u2026 gegenw\u00e4rtig warten 27 Tierarten \u2013 von A wie Affe bis Z wie Zierv\u00f6gel &#8211; auf Ihren Besuch. www.tiergehege-ehst.de.<\/td>\n<\/tr>\n<tr>\n<td style=\"background-color: #ffffff; border-color: #ffffff;\"><img loading=\"lazy\" decoding=\"async\" src=\"https:\/\/mauestiftung.de\/wp-content\/uploads\/eisenhuettenstadt_foto_04.jpg\" alt=\"\" width=\"300\" height=\"202\" \/><\/td>\n<td style=\"background-color: #ffffff; border-color: #ffffff; vertical-align: top;\">F\u00fcr Trendsportarten wurde eine Skateboardanlage mit gro\u00dfer Halfpipe errichtet. Ideale Bedingungen zum Radfahren und Skaten bietet der befestigte Ufer- und Deichbereich entlang des angrenzenden Oder-Spree-Kanals und der Oder.<\/td>\n<\/tr>\n<tr>\n<td style=\"background-color: #ffffff; border-color: #ffffff;\"><img loading=\"lazy\" decoding=\"async\" src=\"https:\/\/mauestiftung.de\/wp-content\/uploads\/eisenhuettenstadt_foto_05.jpg\" alt=\"\" width=\"300\" height=\"226\" \/><\/td>\n<td style=\"background-color: #ffffff; border-color: #ffffff; vertical-align: top;\">Die Verbindung zwischen Oder und Spree erfolgt durch den Oder-Spree-Kanal. Wassertouristen k\u00f6nnen vom Berliner Seengebiet direkt nach Eisenh\u00fcttenstadt und weiter zur Oder fahren. Nach \u00dcberwinden eines H\u00f6henunterschiedes von 15 m zur Oder in der 1929 fertig gestellten Zwillingsschachtschleuse k\u00f6nnen auf verschiedenen Routen die Stadt Frankfurt (Oder), Kietz K\u00fcstrin oder das benachbarte polnische Crossen angesteuert werden.<\/td>\n<\/tr>\n<tr>\n<td style=\"background-color: #ffffff; border-color: #ffffff;\"><img loading=\"lazy\" decoding=\"async\" src=\"https:\/\/mauestiftung.de\/wp-content\/uploads\/eisenhuettenstadt_foto_06.jpg\" alt=\"\" width=\"300\" height=\"226\" \/><\/td>\n<td style=\"background-color: #ffffff; border-color: #ffffff; vertical-align: top;\">Wechselnde Ausstellungen in der Galerie des St\u00e4dtischen Museums, das Feuerwehrmuseum, ein Besuch im Dokumentationszentrum &#8222;Alltagskultur der DDR&#8220; und die Eisenh\u00fcttenst\u00e4dter Stadtarchitektur der 50er Jahre mit gro\u00dfz\u00fcgig angelegten Gr\u00fcnfl\u00e4chen vermitteln unverwechselbare Impressionen.<\/td>\n<\/tr>\n<tr>\n<td style=\"background-color: #ffffff; border-color: #ffffff;\"><img loading=\"lazy\" decoding=\"async\" src=\"https:\/\/mauestiftung.de\/wp-content\/uploads\/eisenhuettenstadt_foto_07.jpg\" alt=\"\" width=\"300\" height=\"226\" \/><\/td>\n<td style=\"background-color: #ffffff; border-color: #ffffff; vertical-align: top;\">Ein Blick vom Turm der Nikolaikirche (gebaut um 1400) im historischen Ortsteil F\u00fcrstenberg\/Oder (gegr\u00fcndet um 1250) oder vom Rosenh\u00fcgel im Ortsteil Sch\u00f6nflie\u00df reicht weit bis ins Umland. Einen reizvollen Kontrast zur Altstadt bietet die Industriesilhouette von AMEH und der Baustelle der Papierfabrik.<\/td>\n<\/tr>\n<tr>\n<td style=\"background-color: #ffffff; border-color: #ffffff;\"><img loading=\"lazy\" decoding=\"async\" src=\"https:\/\/mauestiftung.de\/wp-content\/uploads\/eisenhuettenstadt_foto_08.jpg\" alt=\"\" width=\"300\" height=\"226\" \/><\/td>\n<td style=\"background-color: #ffffff; border-color: #ffffff; vertical-align: top;\">Ein Touristenmagnet ist das um 1300 fertiggestellte Kloster Neuzelle. Es ist das einzige vollst\u00e4ndig und einschlie\u00dflich Au\u00dfenanlagen erhaltene Zisterzienserkloster Brandenburgs und eine der wenigen unzerst\u00f6rten Klosteranlagen in Deutschland und Europa.<\/td>\n<\/tr>\n<tr>\n<td style=\"background-color: #ffffff; border-color: #ffffff;\"><img loading=\"lazy\" decoding=\"async\" src=\"https:\/\/mauestiftung.de\/wp-content\/uploads\/eisenhuettenstadt_foto_09.jpg\" alt=\"\" width=\"300\" height=\"226\" \/><\/td>\n<td style=\"background-color: #ffffff; border-color: #ffffff; vertical-align: top;\">Die Arcelor Mittal Eisenh\u00fcttenstadt GmbH, als High-Tech-Unternehmen und Flachstahlprofi, hat europaweite Leistungs- und Lieferbeziehungen und steht als Synonym f\u00fcr den Wirtschaftsstandort Eisenh\u00fcttenstadt. Anfragen zur Besichtigung des Unternehmens sowie zu Stadtf\u00fchrungen nimmt der TOR e.V. gern entgegen.<\/td>\n<\/tr>\n<\/tbody>\n<\/table>\n<p>Webseiteninhalte auszugsweise entnommen aus der Homepage der Stadt Eisenh\u00fcttenstadt.<\/p>\n<h3>Stiftungsprojekt am Standort in Eisenh\u00fcttenstadt OT F\u00fcrstenberg (Oder)\/Stadtwald:<br \/>\nProjekt 404: Pflegevertrag \u00fcber Trockenrasenteilfl\u00e4chen mit der Stadt Eisenh\u00fcttenstadt:<\/h3>\n<p><img loading=\"lazy\" decoding=\"async\" src=\"https:\/\/mauestiftung.de\/wp-content\/uploads\/eisenhuettenstadt_stiftungsprojekt.jpg\" alt=\"\" width=\"1004\" height=\"609\" \/><\/p>\n<h3>LSG &#8222;Kiesgruben Eisenh\u00fcttenstadt&#8220;<\/h3>\n<p>N\u00f6rdlich von Eisenh\u00fcttenstadt liegt das 1992 festgesetzte, ca. 86 ha gro\u00dfe LSG &#8222;Kiesgruben Eisenh\u00fcttenstadt&#8220;, welches mit seinen wassergef\u00fcllten ehemaligen Kiesgruben die Landschaft pr\u00e4gt, au\u00dferdem finden sich dort Trockenrasenzonen und Waldfl\u00e4chen. Bez\u00fcglich Landschaftsbild und Erholung wird in der Satzung zum Landschaftsschutzgebiet die Erhaltung des Landschaftsbildes als Grundlage f\u00fcr die Erholung des Menschen als Schutzziel formuliert (Landkreis Oder-Spree 2011). Innerhalb des Gebietes finden sich einige, als gesch\u00fctzter Landschaftsbestandteil gesondert ausgewiesene Fl\u00e4chen, auf die im Rahmen des Raumordnungsverfahrens nicht speziell eingegangen wird.<\/p>\n<p>Laut der Satzung der Stadt Eisenh\u00fcttenstadt \u00fcber das LSG von 1992 werden Erhalt und Entwicklung des Charakters des Landschaftsschutzgebietes als Schutzzweck genannt. Das LSG zeichnet sich aus durch Gew\u00e4sser, Wald- und Trockenrasenfl\u00e4chen aus, die Tieren und Pflanzen Lebens- und Entwicklungsraum bieten.<\/p>\n<h3>Der besondere Schutzzweck besteht laut Satzung in folgenden Punkten:<\/h3>\n<p>1. der Erhaltung von Stillgew\u00e4ssern, Feuchtwiesen, Trockenrasen, Heckenz\u00fcgen und Buschfl\u00e4chen, die das Landschaftsbild beleben und gliedern oder als Lebensst\u00e4tten der heimischen Tier- und Pflanzenwelt dienen;<\/p>\n<p>2. der Erhaltung der biologischen Leistungsf\u00e4higkeit und Vielfalt der Gew\u00e4sser;<\/p>\n<p>3. der Erhaltung von Wald, besonders der Schutz heimischer Kulturen;<\/p>\n<p>4. der Erhaltung von Waldr\u00e4ndern, die einen \u00dcbergang zu Feldflur bzw. Wasserfl\u00e4chen darstellen und Lebensraum f\u00fcr Tier- und Pflanzenarten sind;<\/p>\n<p>5. der Erhaltung der Funktion des Landschaftsschutzgebietes als Pufferzone f\u00fcr besonders sch\u00fctzenswerte Landschaftsbestandteile;<\/p>\n<p>6. der Erhaltung des Landschaftsbildes als Grundlage f\u00fcr die Erholung des Menschen.<\/p>\n<p>In Bezug auf die von dem geplanten Vorhaben ausgehenden Wirkungen sind alle Handlungen verboten, die zur Zerst\u00f6rung, Besch\u00e4digung oder Ver\u00e4nderung des Landschaftsschutzgebietes oder seiner Bestandteile f\u00fchren, insbesondere das Durchf\u00fchren von landschaftsver\u00e4ndernden Ma\u00dfnahmen sowie der Ver\u00e4nderung bzw. Beseitigung von Gew\u00e4ssern und ihren Uferbereichen, <strong>Feuchtfl\u00e4chen sowie Trockenrasen<\/strong>.<\/p>\n<p>Die Entfernung bzw. Beseitigung von <strong>Flurgeh\u00f6lzen<\/strong> aller Art bedarf einer vorherigen Erlaubnis der Unteren Naturschutzbeh\u00f6rde (Amtsblatt der Stadt Eisenh\u00fcttenstadt 1992).<\/p>\n<h3>Gesetzlich gesch\u00fctzte Biotope<\/h3>\n<p>Gem\u00e4\u00df aktuell erfolgter Bestandsdaten\u00fcbernahme der gesetzlich gesch\u00fctzten Biotope von der Homepage des LUGV befindet sich innerhalb des 2.000 m breiten Untersuchungsraumes eine Vielzahl gesetzlich gesch\u00fctzter Biotope. Die r\u00e4umliche Betroffenheit dieser hochwertigen Biotope ist in Anlage &#8222;Gesch\u00fctzte Biotope im deutschen Teil des Projektes&#8220; dargestellt.<\/p>\n<p>In Tabellen erfolgt eine Auflistung der im Untersuchungsraum CIR kartierten Biotoptypen einschlie\u00dflich Angaben zur Wertigkeit.<\/p>\n<h3>Waldschutzgebiete<\/h3>\n<p>Wald kann bei Vorliegen bestimmter Voraussetzungen von Amts wegen oder auf Antrag durch Rechtsverordnung des f\u00fcr Forsten zust\u00e4ndigen Mitgliedes der Landesregierung zu Schutz\u2212 oder Erholungswald erkl\u00e4rt werden (\u00a7 12 (1) LWaldG).<\/p>\n<p><strong>Schutzwald<\/strong> dient laut \u00a7 12 (4) LWaldG zur Abwehr von Gefahren, erheblichen Nachteilen oder erheblichen Bel\u00e4stigungen f\u00fcr die Allgemeinheit, zur Durchf\u00fchrung von Forschungen sowie zur Erhaltung schutzw\u00fcrdiger Biotope, insbesondere Naturw\u00e4ldern. Er dient insbesondere dem Schutz des Grundwassers oder der Oberfl\u00e4chenwasser, dem Schutz von Siedlungen, Geb\u00e4uden, land- und forstwirtschaftlichen Grundfl\u00e4chen, Verkehrsanlagen und sonstigen Anlagen vor Erosion durch Wasser und Wind, vor Austrocknung und sch\u00e4dlichem Abflie\u00dfen von Niederschlagswasser, dem Sicht- und L\u00e4rmschutz, dem Waldbrandschutz in Form bestockter Waldbrandriegel, dem Klima- und Immissionsschutz und der Sicherung und Durchsetzung des Naturschutzes.<\/p>\n<p><strong>Erholungswald<\/strong> ist dagegen Wald in Ballungsr\u00e4umen, in der N\u00e4he von St\u00e4dten sowie gr\u00f6\u00dferen Siedlungen als Teil von Gemeinden und in Erholungsgebieten um Kurorte, der zum Zwecke der Erholung besonders zu sch\u00fctzen, zu pflegen und zu gestalten ist.<\/p>\n<p>Innerhalb des zu betrachtenden Untersuchungsraumes befinden sich unterschiedliche Waldgebiete mit Schutzfunktionen. Eine \u00dcbersicht der Betroffenheiten dieser Waldbereiche findet sich im Kapitel Schutzgut Menschen einschlie\u00dflich der menschlichen Gesundheit unter dem Gliederungspunkt Forstwirtschaft.<\/p>\n<p>Text auszugsweise entnommen aus der Umweltvertr\u00e4glichkeitsuntersuchung im ROV Raumordnungsverfahren (UVU I) Interconnector Eisenh\u00fcttenstadt UW Eisenh\u00fcttenstadt.<\/p>\n","protected":false},"excerpt":{"rendered":"<p>Standort in Eisenh\u00fcttenstadt OT F\u00fcrstenberg (Oder)\/Stadtwald Tourismus am Standort in Eisenh\u00fcttenstadt (Oder) Die Stadt Eisenh\u00fcttenstadt, gelegen im Landkreis Oder-Spree (dem wald- und wasserreichsten Landkreis Deutschlands) hat viel f\u00fcr Tourismus und Fremdenverkehr zu bieten. Alle touristischen Informationen zur Stadt Eisenh\u00fcttenstadt und der Region erhalten Sie im Fremdenverkehrsb\u00fcro Eisenh\u00fcttenstadt des Tourismusverein Oder-Region Eisenh\u00fcttenstadt e.V. (TOR) Lindenallee 25 &hellip; <\/p>\n<p><a class=\"more-link btn\" href=\"https:\/\/mauestiftung.de\/?page_id=161\">Weiterlesen<\/a><\/p>\n","protected":false},"author":1,"featured_media":0,"parent":947,"menu_order":5,"comment_status":"open","ping_status":"open","template":"","meta":{"footnotes":""},"class_list":["post-161","page","type-page","status-publish","hentry","nodate","item-wrap"],"_links":{"self":[{"href":"https:\/\/mauestiftung.de\/index.php?rest_route=\/wp\/v2\/pages\/161","targetHints":{"allow":["GET"]}}],"collection":[{"href":"https:\/\/mauestiftung.de\/index.php?rest_route=\/wp\/v2\/pages"}],"about":[{"href":"https:\/\/mauestiftung.de\/index.php?rest_route=\/wp\/v2\/types\/page"}],"author":[{"embeddable":true,"href":"https:\/\/mauestiftung.de\/index.php?rest_route=\/wp\/v2\/users\/1"}],"replies":[{"embeddable":true,"href":"https:\/\/mauestiftung.de\/index.php?rest_route=%2Fwp%2Fv2%2Fcomments&post=161"}],"version-history":[{"count":0,"href":"https:\/\/mauestiftung.de\/index.php?rest_route=\/wp\/v2\/pages\/161\/revisions"}],"up":[{"embeddable":true,"href":"https:\/\/mauestiftung.de\/index.php?rest_route=\/wp\/v2\/pages\/947"}],"wp:attachment":[{"href":"https:\/\/mauestiftung.de\/index.php?rest_route=%2Fwp%2Fv2%2Fmedia&parent=161"}],"curies":[{"name":"wp","href":"https:\/\/api.w.org\/{rel}","templated":true}]}}