{"id":159,"date":"2014-06-19T14:21:42","date_gmt":"2014-06-19T12:21:42","guid":{"rendered":"http:\/\/www.mauestiftung.de\/?page_id=159"},"modified":"2018-08-10T11:15:54","modified_gmt":"2018-08-10T09:15:54","slug":"kurstadt-bad-schandau-krippen","status":"publish","type":"page","link":"https:\/\/mauestiftung.de\/?page_id=159","title":{"rendered":"Kurstadt Bad Schandau &#8211; Krippen"},"content":{"rendered":"<h3>Waldstandort S\u00e4chsische Schweiz, Bad Schandau, Ortsteil Krippen<\/h3>\n<p><img loading=\"lazy\" decoding=\"async\" src=\"https:\/\/mauestiftung.de\/wp-content\/uploads\/bad_schandau_karte.jpg\" alt=\"\" width=\"600\" height=\"557\" \/><\/p>\n<p>Elbe, Wald und Sandstein waren f\u00fcr das 1379 erstmalig erw\u00e4hnte Krippen Jahrhunderte lang alleinigeArbeitgeber und Erwerbsquellen. Seit der Mitte des 19. Jahrhunderts erweiterten sich mit derIndustrialisierung die Erwerbsm\u00f6glichkeiten in neuen Bereichen und durch zunehmendeArbeitsteilung. Die Tallage des Ortes setzte allerdings enge Grenzen in der \u00f6rtlichen Ausdehnung. DieAnbindung Krippens an Bahn und Schiff, die zentrale Lage in der S\u00e4chsischen Schweiz sowie deraufkommende Tourismus verhalfen den Ort zunehmend zu einem beliebten und anerkanntenUrlauberziel. Das idyllisch gelegene Krippen an der Elbe ist seit 1999 nach Bad Schandaueingemeindet und damit ein Stadtteil der weithin bekannten Kurstadt. Bad Schandau bietetanspruchsvolle und vielseitige Angebote. Der Krippener &#8222;SonnenUhrenWeg&#8220; bereichert die Palette inseiner Einmaligkeit. Er verbindet Bildung mit Erholung. Der verkehrsberuhigte Elb- und B\u00e4chelwegwird von M\u00e4rz bis September reichlich besonnt und l\u00e4dt zum Schlendern ein. Caspar David Friedrich(1774 &#8211; 1840), der Hauptvertreter der romantischen Landschaftsmalerei in Deutschland, war Krippensber\u00fchmtester Gast. An seine wiederholten Aufenthalte erinnern zwei Sonnenuhren in ihrer inhaltlichenAussage. Im Ort beginnt und endet auch der nach ihm benannte ca. 12 Kilometer lange und mitStationstafeln markierte Rundweg, Dieser wiederum ist auf einer Teilstrecke identisch mit dem&#8220;Malerweg&#8220;, der als beliebter Wanderweg \u00fcber die Grenzen der \u00e4chsischen Schweiz hinaus bekanntist.<\/p>\n<p>Entnommen aus der Webseite der Kurstadt Bad Schandau Ortsteil Krippen<\/p>\n<p style=\"text-align: center;\"><img loading=\"lazy\" decoding=\"async\" src=\"https:\/\/mauestiftung.de\/wp-content\/uploads\/bad_schandau_foto_01.jpg\" alt=\"\" width=\"320\" height=\"218\" \/><\/p>\n<h3>Bildergalerie Waldst\u00fcck Elbufer \/ Elbradweg, Wald &#8211; Standort Bad Schandau \/ Krippen \u2013 Elbufer<\/h3>\n<p>Acht Bilder aus der S\u00e4chsischen Schweiz osts\u00fcd\u00f6stlich der Kurstadt Bad Schandau im s\u00fcd\u00f6stlichen Bereich im Land Sachsen, Landkreis S\u00e4chsische Schweiz Osterzgebirge, Stadt Bad Schandau, Ortsteil Krippen, Wald &#8211; Standort Krippen. Elbufer \/ Elbrandweg.<\/p>\n<p><img loading=\"lazy\" decoding=\"async\" src=\"https:\/\/mauestiftung.de\/wp-content\/uploads\/bad_schandau_foto_08.jpg\" alt=\"\" width=\"640\" height=\"480\" \/><\/p>\n<p><img loading=\"lazy\" decoding=\"async\" src=\"https:\/\/mauestiftung.de\/wp-content\/uploads\/bad_schandau_foto_07.jpg\" alt=\"\" width=\"640\" height=\"480\" \/><\/p>\n<p><img loading=\"lazy\" decoding=\"async\" src=\"https:\/\/mauestiftung.de\/wp-content\/uploads\/bad_schandau_foto_09.jpg\" alt=\"\" width=\"640\" height=\"480\" \/><\/p>\n<p><img loading=\"lazy\" decoding=\"async\" src=\"https:\/\/mauestiftung.de\/wp-content\/uploads\/bad_schandau_foto_02.jpg\" alt=\"\" width=\"640\" height=\"480\" \/><\/p>\n<p><img loading=\"lazy\" decoding=\"async\" src=\"https:\/\/mauestiftung.de\/wp-content\/uploads\/bad_schandau_foto_03.jpg\" alt=\"\" width=\"640\" height=\"480\" \/><\/p>\n<p><img loading=\"lazy\" decoding=\"async\" src=\"https:\/\/mauestiftung.de\/wp-content\/uploads\/bad_schandau_foto_06.jpg\" alt=\"\" width=\"640\" height=\"480\" \/><\/p>\n<p><img loading=\"lazy\" decoding=\"async\" src=\"https:\/\/mauestiftung.de\/wp-content\/uploads\/bad_schandau_foto_04.jpg\" alt=\"\" width=\"640\" height=\"480\" \/><\/p>\n<p><img loading=\"lazy\" decoding=\"async\" src=\"https:\/\/mauestiftung.de\/wp-content\/uploads\/bad_schandau_foto_05.jpg\" alt=\"\" width=\"640\" height=\"480\" \/><\/p>\n<p>Entnommen aus dem Bilderarchiv des Stifters<\/p>\n","protected":false},"excerpt":{"rendered":"<p>Waldstandort S\u00e4chsische Schweiz, Bad Schandau, Ortsteil Krippen Elbe, Wald und Sandstein waren f\u00fcr das 1379 erstmalig erw\u00e4hnte Krippen Jahrhunderte lang alleinigeArbeitgeber und Erwerbsquellen. Seit der Mitte des 19. Jahrhunderts erweiterten sich mit derIndustrialisierung die Erwerbsm\u00f6glichkeiten in neuen Bereichen und durch zunehmendeArbeitsteilung. Die Tallage des Ortes setzte allerdings enge Grenzen in der \u00f6rtlichen Ausdehnung. DieAnbindung Krippens &hellip; <\/p>\n<p><a class=\"more-link btn\" href=\"https:\/\/mauestiftung.de\/?page_id=159\">Weiterlesen<\/a><\/p>\n","protected":false},"author":1,"featured_media":0,"parent":947,"menu_order":4,"comment_status":"open","ping_status":"open","template":"","meta":{"footnotes":""},"class_list":["post-159","page","type-page","status-publish","hentry","nodate","item-wrap"],"_links":{"self":[{"href":"https:\/\/mauestiftung.de\/index.php?rest_route=\/wp\/v2\/pages\/159","targetHints":{"allow":["GET"]}}],"collection":[{"href":"https:\/\/mauestiftung.de\/index.php?rest_route=\/wp\/v2\/pages"}],"about":[{"href":"https:\/\/mauestiftung.de\/index.php?rest_route=\/wp\/v2\/types\/page"}],"author":[{"embeddable":true,"href":"https:\/\/mauestiftung.de\/index.php?rest_route=\/wp\/v2\/users\/1"}],"replies":[{"embeddable":true,"href":"https:\/\/mauestiftung.de\/index.php?rest_route=%2Fwp%2Fv2%2Fcomments&post=159"}],"version-history":[{"count":0,"href":"https:\/\/mauestiftung.de\/index.php?rest_route=\/wp\/v2\/pages\/159\/revisions"}],"up":[{"embeddable":true,"href":"https:\/\/mauestiftung.de\/index.php?rest_route=\/wp\/v2\/pages\/947"}],"wp:attachment":[{"href":"https:\/\/mauestiftung.de\/index.php?rest_route=%2Fwp%2Fv2%2Fmedia&parent=159"}],"curies":[{"name":"wp","href":"https:\/\/api.w.org\/{rel}","templated":true}]}}