{"id":154,"date":"2014-06-19T14:06:02","date_gmt":"2014-06-19T12:06:02","guid":{"rendered":"http:\/\/www.mauestiftung.de\/?page_id=154"},"modified":"2018-08-06T12:56:56","modified_gmt":"2018-08-06T10:56:56","slug":"naturpark-niederer-flaeming","status":"publish","type":"page","link":"https:\/\/mauestiftung.de\/?page_id=154","title":{"rendered":"Naturpark Niederer Fl\u00e4ming"},"content":{"rendered":"<p>Standort Niederer Fl\u00e4ming<\/p>\n<p>Der Fl\u00e4ming ist ein eiszeitlich gebildeter H\u00f6henzug und gleichzeitig eine historisch gewachsene Kulturlandschaft im s\u00fcdwestlichen Brandenburg und \u00f6stlichen Sachsen-Anhalt. Er erstreckt sich\u00f6stlich von Magdeburg \u00fcber mehr als 100 Kilometer bis zur Dahme. Der Fl\u00e4ming ist als 30 bis 50Kilometer breiter H\u00f6henr\u00fccken Teil des S\u00fcdlichen Landr\u00fcckens, der insbesondere in derSaaleeiszeit geformt wurde. Die Stadt J\u00fcterbog gilt als Grenze zwischen dem Hohen Fl\u00e4ming imWesten und dem Niederen Fl\u00e4ming im Osten. Die naturbelassene Waldfl\u00e4che der Stiftung liegtgenau auf dieser Grenzlinie ziemlich in der Mitte, etwa 20km s\u00fcdlich von J\u00fcterbog inBrandenburg und etwa 20km n\u00f6rdlich der Lutherstadt Wittenberg in Sachsen-Anhalt.<\/p>\n<p><img loading=\"lazy\" decoding=\"async\" src=\"https:\/\/mauestiftung.de\/wp-content\/uploads\/niederer_flaeming_foto_01.jpg\" alt=\"\" width=\"945\" height=\"265\" \/><\/p>\n<p>Quelle:<br \/>\nTextpassage und Karte: Wikipedia<\/p>\n<p><img loading=\"lazy\" decoding=\"async\" src=\"https:\/\/mauestiftung.de\/wp-content\/uploads\/niederer_flaeming_foto_02.jpg\" alt=\"\" width=\"640\" height=\"480\" \/><\/p>\n<p><img loading=\"lazy\" decoding=\"async\" src=\"https:\/\/mauestiftung.de\/wp-content\/uploads\/niederer_flaeming_foto_03.jpg\" alt=\"\" width=\"640\" height=\"480\" \/><\/p>\n<p><img loading=\"lazy\" decoding=\"async\" src=\"https:\/\/mauestiftung.de\/wp-content\/uploads\/niederer_flaeming_foto_04.jpg\" alt=\"\" width=\"640\" height=\"480\" \/><\/p>\n<p><img loading=\"lazy\" decoding=\"async\" src=\"https:\/\/mauestiftung.de\/wp-content\/uploads\/niederer_flaeming_foto_05.jpg\" alt=\"\" width=\"640\" height=\"480\" \/><\/p>\n<p><img loading=\"lazy\" decoding=\"async\" src=\"https:\/\/mauestiftung.de\/wp-content\/uploads\/niederer_flaeming_foto_06.jpg\" alt=\"\" width=\"640\" height=\"480\" \/><\/p>\n<p><img loading=\"lazy\" decoding=\"async\" src=\"https:\/\/mauestiftung.de\/wp-content\/uploads\/niederer_flaeming_sommerbild.jpg\" alt=\"\" width=\"640\" height=\"480\" \/><\/p>\n<p><img loading=\"lazy\" decoding=\"async\" src=\"https:\/\/mauestiftung.de\/wp-content\/uploads\/niederer_flaeming_lage_flurstueck.jpg\" alt=\"\" width=\"640\" height=\"480\" \/><\/p>\n<p><img loading=\"lazy\" decoding=\"async\" src=\"https:\/\/mauestiftung.de\/wp-content\/uploads\/niederer_flaeming_lageplan.jpg\" alt=\"\" width=\"480\" height=\"640\" \/><\/p>\n<p>Standort Naturpark Niederer Fl\u00e4ming:<\/p>\n<p>Waldfl\u00e4che Kurzlipsdorf: Sommerbilder 2009<\/p>\n<p>Entnommen aus dem Bilderarchiv des Stifters<\/p>\n","protected":false},"excerpt":{"rendered":"<p>Standort Niederer Fl\u00e4ming Der Fl\u00e4ming ist ein eiszeitlich gebildeter H\u00f6henzug und gleichzeitig eine historisch gewachsene Kulturlandschaft im s\u00fcdwestlichen Brandenburg und \u00f6stlichen Sachsen-Anhalt. Er erstreckt sich\u00f6stlich von Magdeburg \u00fcber mehr als 100 Kilometer bis zur Dahme. Der Fl\u00e4ming ist als 30 bis 50Kilometer breiter H\u00f6henr\u00fccken Teil des S\u00fcdlichen Landr\u00fcckens, der insbesondere in derSaaleeiszeit geformt wurde. Die &hellip; <\/p>\n<p><a class=\"more-link btn\" href=\"https:\/\/mauestiftung.de\/?page_id=154\">Weiterlesen<\/a><\/p>\n","protected":false},"author":1,"featured_media":0,"parent":947,"menu_order":2,"comment_status":"open","ping_status":"open","template":"","meta":{"footnotes":""},"class_list":["post-154","page","type-page","status-publish","hentry","nodate","item-wrap"],"_links":{"self":[{"href":"https:\/\/mauestiftung.de\/index.php?rest_route=\/wp\/v2\/pages\/154","targetHints":{"allow":["GET"]}}],"collection":[{"href":"https:\/\/mauestiftung.de\/index.php?rest_route=\/wp\/v2\/pages"}],"about":[{"href":"https:\/\/mauestiftung.de\/index.php?rest_route=\/wp\/v2\/types\/page"}],"author":[{"embeddable":true,"href":"https:\/\/mauestiftung.de\/index.php?rest_route=\/wp\/v2\/users\/1"}],"replies":[{"embeddable":true,"href":"https:\/\/mauestiftung.de\/index.php?rest_route=%2Fwp%2Fv2%2Fcomments&post=154"}],"version-history":[{"count":0,"href":"https:\/\/mauestiftung.de\/index.php?rest_route=\/wp\/v2\/pages\/154\/revisions"}],"up":[{"embeddable":true,"href":"https:\/\/mauestiftung.de\/index.php?rest_route=\/wp\/v2\/pages\/947"}],"wp:attachment":[{"href":"https:\/\/mauestiftung.de\/index.php?rest_route=%2Fwp%2Fv2%2Fmedia&parent=154"}],"curies":[{"name":"wp","href":"https:\/\/api.w.org\/{rel}","templated":true}]}}