{"id":1526,"date":"2025-08-13T11:17:59","date_gmt":"2025-08-13T09:17:59","guid":{"rendered":"https:\/\/mauestiftung.de\/?page_id=1526"},"modified":"2025-08-13T11:33:23","modified_gmt":"2025-08-13T09:33:23","slug":"sitzbaenke-in-der-gemeinde-gleichen","status":"publish","type":"page","link":"https:\/\/mauestiftung.de\/?page_id=1526","title":{"rendered":"&#8211;Sitzb\u00e4nke in der Gemeinde Gleichen"},"content":{"rendered":"\n<p>Der Hurkut Gleichen e.V., Hurkut ist die Abk\u00fcrzung von Heimat und Region \u2013 Kultur und Tourismus &#8211; setzt im Auftrag der Gemeinde das Naherholungkonzept um.<br>Rastm\u00f6glichkeiten f\u00fcr Wanderer und Radfahrer am Weg zwischen Reinhausen und Bremke fehlten und so hat die Stiftung zwei B\u00e4nke finanziert.<\/p>\n","protected":false},"excerpt":{"rendered":"<p>Der Hurkut Gleichen e.V., Hurkut ist die Abk\u00fcrzung von Heimat und Region \u2013 Kultur und Tourismus &#8211; setzt im Auftrag der Gemeinde das Naherholungkonzept um.Rastm\u00f6glichkeiten f\u00fcr Wanderer und Radfahrer am Weg zwischen Reinhausen und Bremke fehlten und so hat die Stiftung zwei B\u00e4nke finanziert.<\/p>\n","protected":false},"author":2,"featured_media":0,"parent":948,"menu_order":0,"comment_status":"closed","ping_status":"closed","template":"","meta":{"footnotes":""},"class_list":["post-1526","page","type-page","status-publish","hentry","nodate","item-wrap"],"_links":{"self":[{"href":"https:\/\/mauestiftung.de\/index.php?rest_route=\/wp\/v2\/pages\/1526","targetHints":{"allow":["GET"]}}],"collection":[{"href":"https:\/\/mauestiftung.de\/index.php?rest_route=\/wp\/v2\/pages"}],"about":[{"href":"https:\/\/mauestiftung.de\/index.php?rest_route=\/wp\/v2\/types\/page"}],"author":[{"embeddable":true,"href":"https:\/\/mauestiftung.de\/index.php?rest_route=\/wp\/v2\/users\/2"}],"replies":[{"embeddable":true,"href":"https:\/\/mauestiftung.de\/index.php?rest_route=%2Fwp%2Fv2%2Fcomments&post=1526"}],"version-history":[{"count":1,"href":"https:\/\/mauestiftung.de\/index.php?rest_route=\/wp\/v2\/pages\/1526\/revisions"}],"predecessor-version":[{"id":1527,"href":"https:\/\/mauestiftung.de\/index.php?rest_route=\/wp\/v2\/pages\/1526\/revisions\/1527"}],"up":[{"embeddable":true,"href":"https:\/\/mauestiftung.de\/index.php?rest_route=\/wp\/v2\/pages\/948"}],"wp:attachment":[{"href":"https:\/\/mauestiftung.de\/index.php?rest_route=%2Fwp%2Fv2%2Fmedia&parent=1526"}],"curies":[{"name":"wp","href":"https:\/\/api.w.org\/{rel}","templated":true}]}}