{"id":152,"date":"2014-06-19T14:00:30","date_gmt":"2014-06-19T12:00:30","guid":{"rendered":"http:\/\/www.mauestiftung.de\/?page_id=152"},"modified":"2019-04-25T13:32:11","modified_gmt":"2019-04-25T11:32:11","slug":"standort-nationalpark-saechsische-schweiz","status":"publish","type":"page","link":"https:\/\/mauestiftung.de\/?page_id=152","title":{"rendered":"Nationalpark S\u00e4chsische Schweiz"},"content":{"rendered":"<p>Heutzutage kommen hier bei Hochbetrieb im Sommer maximal 50 Wanderer, 2 Traktoren und 17 Z\u00fcge vorbei. Ob fr\u00fcher in dem Tal viel mehr Betrieb herrschte, kann man sich heutzutage kaum noch vorstellen. Die Wanderung f\u00fchrt am ehemaligen Bahnhof von Kohlm\u00fchle vorbei und nach dem n\u00e4chsten Rechtsknick geht es in den unteren Teil des Kohlichtgrabens. Kurz vor dem Ortsausgang passiert man auf der linken Stra\u00dfenseite eine alte Turmuhr und rechts das Verkehrsschild &#8222;Schneeketten vorgeschrieben&#8220;. Ich vermute, es ist die einzige Stelle in der ganzen S\u00e4chsischen Schweiz, an der dieses Schild steht, aber hier ist es auch wirklich sinnvoll. Die Wanderung f\u00fchrt fast \u00bd Kilometer bergauf, bis nach links der markierte Wanderweg abbiegt und der eigentliche Kohlichtgraben betreten wird. Der Aufstieg aus dem Kohlichtgraben ist ganz angenehm und ziemlich abwechslungsreich, da es immer mal wieder \u00fcber den Bachlauf hinweg geht. Nach einem sehr sch\u00f6nen Wegst\u00fcck durch den Kohlichtgraben erreicht man nach 700 Metern eine Weggabelung, auf der es nach rechts weiter geht. Hier f\u00e4llt auf, wie sich auf einmal die Form des Tals \u00e4ndert und keine Sandsteinfelsen mehr links und rechts zu sehen sind, sondern die Form des Tals in V-f\u00f6rmig \u00fcbergeht. Dies liegt einfach daran, dass im oberen Drittel des Kohlichtgrabens der Untergrund auf einmal nicht mehr Sandstein, sondern Granit ist. Die Wanderung geht leicht ansteigend bis zur Zufahrtsstra\u00dfe von Go\u00dfdorf. Damit man wieder zum Ausgangspunkt der Wanderung zur\u00fcck kommt, biegt man an der Stra\u00dfe nach rechts ab. Zum Gl\u00fcck ist die Stra\u00dfe sehr ruhig und so wandert man bis zum Ortseingang von Go\u00dfdorf.<\/p>\n<p><img loading=\"lazy\" decoding=\"async\" src=\"https:\/\/mauestiftung.de\/wp-content\/uploads\/saechsische_schweiz_kohlichtgraben_wanderweg.jpg\" alt=\"\" width=\"842\" height=\"596\" \/><\/p>\n<p>Text und Karte mit freundlicher Genehmigung von:<br \/>\nIngo und Steffi Geier<br \/>\nAm Stadtwald 64 b<br \/>\n42897 Remscheid<br \/>\n<a href=\"http:\/\/www.wandern-saechsische-schweiz.de\" target=\"_blank\" rel=\"noopener noreferrer\">www.wandern-saechsische-schweiz.de<\/a><\/p>\n<p><a href=\"https:\/\/mauestiftung.de\/wp-content\/uploads\/jagdgenossenschaft_gossdorf.pdf\" target=\"_blank\" rel=\"noopener noreferrer\">Die Jagdgenossenschaft Go\u00dfdorf informiert<\/a><\/p>\n<p><img loading=\"lazy\" decoding=\"async\" src=\"https:\/\/mauestiftung.de\/wp-content\/uploads\/elbsandsteingebirge.jpg\" alt=\"\" width=\"355\" height=\"240\" \/><\/p>\n<p><img loading=\"lazy\" decoding=\"async\" src=\"https:\/\/mauestiftung.de\/wp-content\/uploads\/saechsische_schweiz_foto_01.jpg\" alt=\"\" width=\"640\" height=\"480\" \/><\/p>\n<p><img loading=\"lazy\" decoding=\"async\" src=\"https:\/\/mauestiftung.de\/wp-content\/uploads\/saechsische_schweiz_foto_02.jpg\" alt=\"\" width=\"640\" height=\"480\" \/><\/p>\n<p><img loading=\"lazy\" decoding=\"async\" src=\"https:\/\/mauestiftung.de\/wp-content\/uploads\/saechsische_schweiz_foto_03.jpg\" alt=\"\" width=\"640\" height=\"480\" \/><\/p>\n<p><img loading=\"lazy\" decoding=\"async\" src=\"https:\/\/mauestiftung.de\/wp-content\/uploads\/saechsische_schweiz_foto_04.jpg\" alt=\"\" width=\"640\" height=\"480\" \/><\/p>\n<p><img loading=\"lazy\" decoding=\"async\" src=\"https:\/\/mauestiftung.de\/wp-content\/uploads\/saechsische_schweiz_foto_05.jpg\" alt=\"\" width=\"640\" height=\"480\" \/><\/p>\n<p><img loading=\"lazy\" decoding=\"async\" src=\"https:\/\/mauestiftung.de\/wp-content\/uploads\/saechsische_schweiz_foto_06.jpg\" alt=\"\" width=\"640\" height=\"480\" \/><\/p>\n<p><img loading=\"lazy\" decoding=\"async\" src=\"https:\/\/mauestiftung.de\/wp-content\/uploads\/saechsische_schweiz_foto_07.jpg\" alt=\"\" width=\"640\" height=\"480\" \/><\/p>\n<p><img loading=\"lazy\" decoding=\"async\" src=\"https:\/\/mauestiftung.de\/wp-content\/uploads\/saechsische_schweiz_foto_08.jpg\" alt=\"\" width=\"640\" height=\"480\" \/><\/p>\n<p><img loading=\"lazy\" decoding=\"async\" src=\"https:\/\/mauestiftung.de\/wp-content\/uploads\/saechsische_schweiz_foto_09.jpg\" alt=\"\" width=\"640\" height=\"480\" \/><\/p>\n<p>Entnommen aus dem Bilderarchiv des Stifters<\/p>\n","protected":false},"excerpt":{"rendered":"<p>Heutzutage kommen hier bei Hochbetrieb im Sommer maximal 50 Wanderer, 2 Traktoren und 17 Z\u00fcge vorbei. Ob fr\u00fcher in dem Tal viel mehr Betrieb herrschte, kann man sich heutzutage kaum noch vorstellen. Die Wanderung f\u00fchrt am ehemaligen Bahnhof von Kohlm\u00fchle vorbei und nach dem n\u00e4chsten Rechtsknick geht es in den unteren Teil des Kohlichtgrabens. Kurz &hellip; <\/p>\n<p><a class=\"more-link btn\" href=\"https:\/\/mauestiftung.de\/?page_id=152\">Weiterlesen<\/a><\/p>\n","protected":false},"author":1,"featured_media":0,"parent":947,"menu_order":1,"comment_status":"open","ping_status":"open","template":"","meta":{"footnotes":""},"class_list":["post-152","page","type-page","status-publish","hentry","nodate","item-wrap"],"_links":{"self":[{"href":"https:\/\/mauestiftung.de\/index.php?rest_route=\/wp\/v2\/pages\/152","targetHints":{"allow":["GET"]}}],"collection":[{"href":"https:\/\/mauestiftung.de\/index.php?rest_route=\/wp\/v2\/pages"}],"about":[{"href":"https:\/\/mauestiftung.de\/index.php?rest_route=\/wp\/v2\/types\/page"}],"author":[{"embeddable":true,"href":"https:\/\/mauestiftung.de\/index.php?rest_route=\/wp\/v2\/users\/1"}],"replies":[{"embeddable":true,"href":"https:\/\/mauestiftung.de\/index.php?rest_route=%2Fwp%2Fv2%2Fcomments&post=152"}],"version-history":[{"count":0,"href":"https:\/\/mauestiftung.de\/index.php?rest_route=\/wp\/v2\/pages\/152\/revisions"}],"up":[{"embeddable":true,"href":"https:\/\/mauestiftung.de\/index.php?rest_route=\/wp\/v2\/pages\/947"}],"wp:attachment":[{"href":"https:\/\/mauestiftung.de\/index.php?rest_route=%2Fwp%2Fv2%2Fmedia&parent=152"}],"curies":[{"name":"wp","href":"https:\/\/api.w.org\/{rel}","templated":true}]}}