{"id":1468,"date":"2023-04-20T11:10:25","date_gmt":"2023-04-20T09:10:25","guid":{"rendered":"https:\/\/mauestiftung.de\/?page_id=1468"},"modified":"2023-04-20T11:15:38","modified_gmt":"2023-04-20T09:15:38","slug":"projekt-natourkids","status":"publish","type":"page","link":"https:\/\/mauestiftung.de\/?page_id=1468","title":{"rendered":"Projekt NaTourKids"},"content":{"rendered":"<p>Im Projekt NaTourKids erhalten alle Braunschweiger Drittkl\u00e4sslerinnen und Drittkl\u00e4sser von 2023 bis 2025 eine reichgef\u00fcllte Naturmappe, um sie spielerisch an das Thema Umwelt-und Naturschutz heranzuf\u00fchren: ein spannender R\u00e4tselkrimi nimmt die Kinder mit auf den Weg zu den Braunschweiger Naturorten und l\u00e4sst die Kinder dort Fragen rund um Umwelt- und Naturschutz l\u00f6sen. Ein dazu passendes Infoheft pr\u00e4sentiert alle Orte in der Stadt, die f\u00fcr Kinder Angebote machen, um die Pflanzen- und Tierwelt in unserer Region kennenzulernen, sich mit der Natur aktiv zu besch\u00e4ftigen und zu lernen, wie man sie sch\u00fctzt und erh\u00e4lt.<br \/>\nSo werden die Kinder fr\u00fchzeitig f\u00fcr das Thema Umwelt- und Naturschutz sensibilisiert und lernen die sch\u00fctzenswerten Naturorte der Stadt kennen und lernen, was jeder Einzelne zu deren Schutz beitragen kann.<br \/>\nBeteiligte Organisationen im Infoheft sind: ALBA, BUND, Braunschweiger Apfeltag, FUN Hondelage, Greenpeace, Gr\u00fcne Schule, Haus Entenfang, Imkerverein Braunschweig, Klostergarten Riddagshausen, L\u00f6wepfad, Naturhistorisches Museum, Reka, RUZ Dowesee, Stadtbibliothek, Stadtgarten Bebelhof, Waldforum Riddagshausen. Die Naturmappen werden an alle Grund- und F\u00f6rderschulen in kommunaler und freier Tr\u00e4gerschaft verteilt. <\/p>\n","protected":false},"excerpt":{"rendered":"<p>Im Projekt NaTourKids erhalten alle Braunschweiger Drittkl\u00e4sslerinnen und Drittkl\u00e4sser von 2023 bis 2025 eine reichgef\u00fcllte Naturmappe, um sie spielerisch an das Thema Umwelt-und Naturschutz heranzuf\u00fchren: ein spannender R\u00e4tselkrimi nimmt die Kinder mit auf den Weg zu den Braunschweiger Naturorten und l\u00e4sst die Kinder dort Fragen rund um Umwelt- und Naturschutz l\u00f6sen. Ein dazu passendes Infoheft &hellip; <\/p>\n<p><a class=\"more-link btn\" href=\"https:\/\/mauestiftung.de\/?page_id=1468\">Weiterlesen<\/a><\/p>\n","protected":false},"author":1,"featured_media":0,"parent":948,"menu_order":0,"comment_status":"closed","ping_status":"closed","template":"","meta":{"footnotes":""},"class_list":["post-1468","page","type-page","status-publish","hentry","nodate","item-wrap"],"_links":{"self":[{"href":"https:\/\/mauestiftung.de\/index.php?rest_route=\/wp\/v2\/pages\/1468","targetHints":{"allow":["GET"]}}],"collection":[{"href":"https:\/\/mauestiftung.de\/index.php?rest_route=\/wp\/v2\/pages"}],"about":[{"href":"https:\/\/mauestiftung.de\/index.php?rest_route=\/wp\/v2\/types\/page"}],"author":[{"embeddable":true,"href":"https:\/\/mauestiftung.de\/index.php?rest_route=\/wp\/v2\/users\/1"}],"replies":[{"embeddable":true,"href":"https:\/\/mauestiftung.de\/index.php?rest_route=%2Fwp%2Fv2%2Fcomments&post=1468"}],"version-history":[{"count":0,"href":"https:\/\/mauestiftung.de\/index.php?rest_route=\/wp\/v2\/pages\/1468\/revisions"}],"up":[{"embeddable":true,"href":"https:\/\/mauestiftung.de\/index.php?rest_route=\/wp\/v2\/pages\/948"}],"wp:attachment":[{"href":"https:\/\/mauestiftung.de\/index.php?rest_route=%2Fwp%2Fv2%2Fmedia&parent=1468"}],"curies":[{"name":"wp","href":"https:\/\/api.w.org\/{rel}","templated":true}]}}