{"id":1338,"date":"2019-12-05T12:02:17","date_gmt":"2019-12-05T11:02:17","guid":{"rendered":"https:\/\/mauestiftung.de\/?page_id=1338"},"modified":"2020-02-18T14:53:29","modified_gmt":"2020-02-18T13:53:29","slug":"wildblumenwiese-mit-begleitender-wildstrauchhecke","status":"publish","type":"page","link":"https:\/\/mauestiftung.de\/?page_id=1338","title":{"rendered":"Wildblumenwiese mit begleitender Wildstrauchhecke"},"content":{"rendered":"<p>Auf dem Hauptfriedhof entstanden im Herbst 2019 eine Wildblumenwiese mit begleitender Wildstrauchhecke. Diese dienen Wildbienen, Insekten und auch V\u00f6geln als Nahrungsquellen und Nisthabitate. Die Anlage wurde gemeinsam mit der B\u00fcrgerstiftung Braunschweig gef\u00f6rdert.<\/p>\n<p><img loading=\"lazy\" decoding=\"async\" class=\"\" src=\"https:\/\/mauestiftung.de\/wp-content\/uploads\/wildstrauchhecke_1.jpg\" alt=\"\" width=\"365\" height=\"243\" \/><\/p>\n<p>25 motivierte Kindergartenkinder von St. Johannis konnte k\u00fcrzlich Friedhofsleiter Guido Haas auf dem evangelischen Hauptfriedhof in Braunschweig begr\u00fc\u00dfen \u2013 und das bei herrlichem Sonnenschein; das gute Wetter hatte der kleine Dominik extra f\u00fcr den gro\u00dfen Tag mit einem Brief an Gott bestellt. Begleitet wurden die Kinder vom Team um KITA-Leiterin Silja Albrecht, Pfarrerin Antje Tiemann und einigen interessierten Eltern.<\/p>\n<p>Gemeinsam mit den Mitarbeitenden der Friedhofsverwaltung bereiteten die Kinder alles vor, um eine Wildstrauchhecke zu pflanzen: Sie gruben eifrig L\u00f6cher, k\u00fcrzten Wurzeln, verteilten Erde und pflanzten Str\u00e4ucher.<\/p>\n<p><img loading=\"lazy\" decoding=\"async\" class=\"\" src=\"https:\/\/mauestiftung.de\/wp-content\/uploads\/wildstrauchhecke_2.jpg\" alt=\"\" width=\"362\" height=\"272\" \/><\/p>\n<p>Begeistert bestaunten die Kinder dabei Fundst\u00fccke wie Steine, Schneckengeh\u00e4use, Regenw\u00fcrmer und kleine Maden, sammelten Tannzapfen und buntes Laub. Nach einer Stunde waren fast alle Str\u00e4ucher in der Erde. Nun werden sie wachsen und k\u00fcnftig Bienen und V\u00f6geln als Nahrungs- und Brutbiotop dienen. Die Anlage der Wildstrauchhecke ist Bestandteil eines Umwelt-Projekts der Friedhofsverwaltung des Ev.-luth. Kirchenverbands Braunschweigs f\u00fcr mehr Naturn\u00e4he und \u00d6kologie auf dem Hauptfriedhof, das durch die Maue-Stiftung und die B\u00fcrgerstiftung Braunschweig gef\u00f6rdert wird.<\/p>\n<p>Im kommenden Jahr wollen die Kinder den Friedhof erneut besuchen, um zu schauen wie sich ihre Str\u00e4ucher entwickelt haben und die Natur direkt in der Stadt zu erleben.<\/p>\n<p><img loading=\"lazy\" decoding=\"async\" class=\"\" src=\"https:\/\/mauestiftung.de\/wp-content\/uploads\/wildstrauchhecke_3.jpg\" alt=\"\" width=\"312\" height=\"234\" \/> \u00a0\u00a0 <img loading=\"lazy\" decoding=\"async\" class=\"\" src=\"https:\/\/mauestiftung.de\/wp-content\/uploads\/wildstrauchhecke_4.jpg\" alt=\"\" width=\"212\" height=\"283\" \/> \u00a0\u00a0 <img loading=\"lazy\" decoding=\"async\" class=\"\" src=\"https:\/\/mauestiftung.de\/wp-content\/uploads\/wildstrauchhecke_5.jpg\" alt=\"\" width=\"275\" height=\"367\" \/> \u00a0\u00a0 <img loading=\"lazy\" decoding=\"async\" class=\"\" src=\"https:\/\/mauestiftung.de\/wp-content\/uploads\/wildstrauchhecke_6.jpg\" alt=\"\" width=\"356\" height=\"267\" \/><\/p>\n","protected":false},"excerpt":{"rendered":"<p>Auf dem Hauptfriedhof entstanden im Herbst 2019 eine Wildblumenwiese mit begleitender Wildstrauchhecke. Diese dienen Wildbienen, Insekten und auch V\u00f6geln als Nahrungsquellen und Nisthabitate. Die Anlage wurde gemeinsam mit der B\u00fcrgerstiftung Braunschweig gef\u00f6rdert. 25 motivierte Kindergartenkinder von St. Johannis konnte k\u00fcrzlich Friedhofsleiter Guido Haas auf dem evangelischen Hauptfriedhof in Braunschweig begr\u00fc\u00dfen \u2013 und das bei herrlichem &hellip; <\/p>\n<p><a class=\"more-link btn\" href=\"https:\/\/mauestiftung.de\/?page_id=1338\">Weiterlesen<\/a><\/p>\n","protected":false},"author":1,"featured_media":0,"parent":948,"menu_order":5,"comment_status":"closed","ping_status":"closed","template":"","meta":{"footnotes":""},"class_list":["post-1338","page","type-page","status-publish","hentry","nodate","item-wrap"],"_links":{"self":[{"href":"https:\/\/mauestiftung.de\/index.php?rest_route=\/wp\/v2\/pages\/1338","targetHints":{"allow":["GET"]}}],"collection":[{"href":"https:\/\/mauestiftung.de\/index.php?rest_route=\/wp\/v2\/pages"}],"about":[{"href":"https:\/\/mauestiftung.de\/index.php?rest_route=\/wp\/v2\/types\/page"}],"author":[{"embeddable":true,"href":"https:\/\/mauestiftung.de\/index.php?rest_route=\/wp\/v2\/users\/1"}],"replies":[{"embeddable":true,"href":"https:\/\/mauestiftung.de\/index.php?rest_route=%2Fwp%2Fv2%2Fcomments&post=1338"}],"version-history":[{"count":0,"href":"https:\/\/mauestiftung.de\/index.php?rest_route=\/wp\/v2\/pages\/1338\/revisions"}],"up":[{"embeddable":true,"href":"https:\/\/mauestiftung.de\/index.php?rest_route=\/wp\/v2\/pages\/948"}],"wp:attachment":[{"href":"https:\/\/mauestiftung.de\/index.php?rest_route=%2Fwp%2Fv2%2Fmedia&parent=1338"}],"curies":[{"name":"wp","href":"https:\/\/api.w.org\/{rel}","templated":true}]}}