{"id":1158,"date":"2018-08-10T12:52:38","date_gmt":"2018-08-10T10:52:38","guid":{"rendered":"https:\/\/mauestiftung.de\/?page_id=1158"},"modified":"2018-09-12T10:11:38","modified_gmt":"2018-09-12T08:11:38","slug":"fledermausfreundliche-schule","status":"publish","type":"page","link":"https:\/\/mauestiftung.de\/?page_id=1158","title":{"rendered":"Fledermausfreundliche Schule"},"content":{"rendered":"<p><strong>V\u00f6gel, Flederm\u00e4use und Insekten haben ein weiteres Zuhause bekommen:<\/strong><\/p>\n<p>Einen Vormittag lang s\u00e4gten, h\u00e4mmerten und schraubten Sch\u00fclerInnen des Landesbildungszentrums f\u00fcr H\u00f6rgesch\u00e4digte in Braunschweig (LBZH) voller Eifer Fledermausk\u00e4sten, Vogelh\u00e4user und Insektenhotels. Tatkr\u00e4ftig unterst\u00fctzten sie dabei die Mitarbeiter des KUKA-Colleges, das in direkter Nachbarschaft zum LBZH liegt.<\/p>\n<p><a href=\"https:\/\/mauestiftung.de\/wp-content\/uploads\/Br\u00fccken-Bauen-Roboter-Spezialisten-und-Sch\u00fclerInnen-engagieren-sich-gemeinsam-f\u00fcr-den-Tierschutz5.jpg\"><img loading=\"lazy\" decoding=\"async\" class=\"alignleft wp-image-1190 size-medium\" src=\"https:\/\/mauestiftung.de\/wp-content\/uploads\/Br\u00fccken-Bauen-Roboter-Spezialisten-und-Sch\u00fclerInnen-engagieren-sich-gemeinsam-f\u00fcr-den-Tierschutz5-169x300.jpg\" alt=\"\" width=\"169\" height=\"300\" srcset=\"https:\/\/mauestiftung.de\/wp-content\/uploads\/Br\u00fccken-Bauen-Roboter-Spezialisten-und-Sch\u00fclerInnen-engagieren-sich-gemeinsam-f\u00fcr-den-Tierschutz5-169x300.jpg 169w, https:\/\/mauestiftung.de\/wp-content\/uploads\/Br\u00fccken-Bauen-Roboter-Spezialisten-und-Sch\u00fclerInnen-engagieren-sich-gemeinsam-f\u00fcr-den-Tierschutz5.jpg 282w\" sizes=\"auto, (max-width: 169px) 100vw, 169px\" \/><\/a><\/p>\n<p>Die Robotik-Profis des international t\u00e4tigen Unternehmens KUKA AG hatten \u00fcber das Br\u00fccken-Bauen Projekt unserer Stiftung Kontakt zur Einrichtung bekommen und waren \u201ebeeindruckt, wie vielf\u00e4ltig die M\u00f6glichkeiten des Zentrums mit eigener Werkstatt und dem riesigen Au\u00dfengel\u00e4nde sind\u201c, so Florian Runge von KUKA. Der alte Baumbestand zeigte sich dann auch perfekt, um Nistk\u00e4sten und Vogelh\u00e4user anzubringen.<\/p>\n<p>\u201eAlle haben sich richtig ins Zeug gelegt und Hand in Hand gearbeitet, damit die Tiere bald in ihre H\u00e4user einziehen k\u00f6nnen\u201c, freute sich Runge \u00fcber den gelungenen Vormittag. Abgerundet wurde das Projekt mit dem Anlegen von Beeten mit speziellen Pflanzen, die die Schule nach einer Beratung durch den Naturschutzbund Deutschland (NABU) so ausgew\u00e4hlt hatte, dass sie als Nahrungsgrundlage f\u00fcr vielf\u00e4ltige Insektenarten dienen.<\/p>\n<p>Marc Fischer, stellvertretender Direktor beim LBZH und zust\u00e4ndig f\u00fcr das Projekt, hofft, dass die Einrichtung als \u201eFledermausfreundliches Haus\u201c vom NABU zertifiziert wird. Die<br \/>\nErgebnisse k\u00f6nnen sich auf jeden Fall sehen lassen \u2013 n\u00e4chstes Jahr soll es die Fortsetzung<br \/>\ngeben, darin waren sich die Verantwortlichen einig!<\/p>\n<p>Die Materialanschaffungen wurden gef\u00f6rdert von der Volker-Brumme-Stiftung<br \/>\nund der Gerald und J\u00fcrgen Maue-Stiftung.<\/p>\n<p><img loading=\"lazy\" decoding=\"async\" class=\"alignnone size-medium wp-image-1189\" src=\"https:\/\/mauestiftung.de\/wp-content\/uploads\/Br\u00fccken-Bauen-Roboter-Spezialisten-und-Sch\u00fclerInnen-engagieren-sich-gemeinsam-f\u00fcr-den-Tierschutz-300x169.jpg\" alt=\"\" width=\"300\" height=\"169\" srcset=\"https:\/\/mauestiftung.de\/wp-content\/uploads\/Br\u00fccken-Bauen-Roboter-Spezialisten-und-Sch\u00fclerInnen-engagieren-sich-gemeinsam-f\u00fcr-den-Tierschutz-300x169.jpg 300w, https:\/\/mauestiftung.de\/wp-content\/uploads\/Br\u00fccken-Bauen-Roboter-Spezialisten-und-Sch\u00fclerInnen-engagieren-sich-gemeinsam-f\u00fcr-den-Tierschutz.jpg 399w\" sizes=\"auto, (max-width: 300px) 100vw, 300px\" \/>\u00a0 <img loading=\"lazy\" decoding=\"async\" class=\"alignnone size-medium wp-image-1188\" src=\"https:\/\/mauestiftung.de\/wp-content\/uploads\/Br\u00fccken-Bauen-Roboter-Spezialisten-und-Sch\u00fclerInnen-engagieren-sich-gemeinsam-f\u00fcr-den-Tierschutz4-300x169.jpg\" alt=\"\" width=\"300\" height=\"169\" srcset=\"https:\/\/mauestiftung.de\/wp-content\/uploads\/Br\u00fccken-Bauen-Roboter-Spezialisten-und-Sch\u00fclerInnen-engagieren-sich-gemeinsam-f\u00fcr-den-Tierschutz4-300x169.jpg 300w, https:\/\/mauestiftung.de\/wp-content\/uploads\/Br\u00fccken-Bauen-Roboter-Spezialisten-und-Sch\u00fclerInnen-engagieren-sich-gemeinsam-f\u00fcr-den-Tierschutz4.jpg 399w\" sizes=\"auto, (max-width: 300px) 100vw, 300px\" \/>\u00a0 <img loading=\"lazy\" decoding=\"async\" class=\"alignnone size-medium wp-image-1187\" src=\"https:\/\/mauestiftung.de\/wp-content\/uploads\/Br\u00fccken-Bauen-Roboter-Spezialisten-und-Sch\u00fclerInnen-engagieren-sich-gemeinsam-f\u00fcr-den-Tierschutz3-300x169.jpg\" alt=\"\" width=\"300\" height=\"169\" srcset=\"https:\/\/mauestiftung.de\/wp-content\/uploads\/Br\u00fccken-Bauen-Roboter-Spezialisten-und-Sch\u00fclerInnen-engagieren-sich-gemeinsam-f\u00fcr-den-Tierschutz3-300x169.jpg 300w, https:\/\/mauestiftung.de\/wp-content\/uploads\/Br\u00fccken-Bauen-Roboter-Spezialisten-und-Sch\u00fclerInnen-engagieren-sich-gemeinsam-f\u00fcr-den-Tierschutz3.jpg 395w\" sizes=\"auto, (max-width: 300px) 100vw, 300px\" \/> <img loading=\"lazy\" decoding=\"async\" class=\"alignnone size-medium wp-image-1186\" src=\"https:\/\/mauestiftung.de\/wp-content\/uploads\/Br\u00fccken-Bauen-Roboter-Spezialisten-und-Sch\u00fclerInnen-engagieren-sich-gemeinsam-f\u00fcr-den-Tierschutz-2-300x191.jpg\" alt=\"\" width=\"300\" height=\"191\" srcset=\"https:\/\/mauestiftung.de\/wp-content\/uploads\/Br\u00fccken-Bauen-Roboter-Spezialisten-und-Sch\u00fclerInnen-engagieren-sich-gemeinsam-f\u00fcr-den-Tierschutz-2-300x191.jpg 300w, https:\/\/mauestiftung.de\/wp-content\/uploads\/Br\u00fccken-Bauen-Roboter-Spezialisten-und-Sch\u00fclerInnen-engagieren-sich-gemeinsam-f\u00fcr-den-Tierschutz-2.jpg 400w\" sizes=\"auto, (max-width: 300px) 100vw, 300px\" \/><\/p>\n<p>&nbsp;<\/p>\n","protected":false},"excerpt":{"rendered":"<p>V\u00f6gel, Flederm\u00e4use und Insekten haben ein weiteres Zuhause bekommen: Einen Vormittag lang s\u00e4gten, h\u00e4mmerten und schraubten Sch\u00fclerInnen des Landesbildungszentrums f\u00fcr H\u00f6rgesch\u00e4digte in Braunschweig (LBZH) voller Eifer Fledermausk\u00e4sten, Vogelh\u00e4user und Insektenhotels. Tatkr\u00e4ftig unterst\u00fctzten sie dabei die Mitarbeiter des KUKA-Colleges, das in direkter Nachbarschaft zum LBZH liegt. Die Robotik-Profis des international t\u00e4tigen Unternehmens KUKA AG hatten \u00fcber &hellip; <\/p>\n<p><a class=\"more-link btn\" href=\"https:\/\/mauestiftung.de\/?page_id=1158\">Weiterlesen<\/a><\/p>\n","protected":false},"author":1,"featured_media":0,"parent":948,"menu_order":4,"comment_status":"closed","ping_status":"closed","template":"","meta":{"footnotes":""},"class_list":["post-1158","page","type-page","status-publish","hentry","nodate","item-wrap"],"_links":{"self":[{"href":"https:\/\/mauestiftung.de\/index.php?rest_route=\/wp\/v2\/pages\/1158","targetHints":{"allow":["GET"]}}],"collection":[{"href":"https:\/\/mauestiftung.de\/index.php?rest_route=\/wp\/v2\/pages"}],"about":[{"href":"https:\/\/mauestiftung.de\/index.php?rest_route=\/wp\/v2\/types\/page"}],"author":[{"embeddable":true,"href":"https:\/\/mauestiftung.de\/index.php?rest_route=\/wp\/v2\/users\/1"}],"replies":[{"embeddable":true,"href":"https:\/\/mauestiftung.de\/index.php?rest_route=%2Fwp%2Fv2%2Fcomments&post=1158"}],"version-history":[{"count":0,"href":"https:\/\/mauestiftung.de\/index.php?rest_route=\/wp\/v2\/pages\/1158\/revisions"}],"up":[{"embeddable":true,"href":"https:\/\/mauestiftung.de\/index.php?rest_route=\/wp\/v2\/pages\/948"}],"wp:attachment":[{"href":"https:\/\/mauestiftung.de\/index.php?rest_route=%2Fwp%2Fv2%2Fmedia&parent=1158"}],"curies":[{"name":"wp","href":"https:\/\/api.w.org\/{rel}","templated":true}]}}