{"id":1093,"date":"2018-08-09T13:04:11","date_gmt":"2018-08-09T11:04:11","guid":{"rendered":"https:\/\/mauestiftung.de\/?page_id=1093"},"modified":"2020-02-18T14:25:58","modified_gmt":"2020-02-18T13:25:58","slug":"festival-der-hoffnung-2018","status":"publish","type":"page","link":"https:\/\/mauestiftung.de\/?page_id=1093","title":{"rendered":"Festival der Hoffnung 2018, Braunschweig"},"content":{"rendered":"<p>Vom 03.-10.06.2018 fand das FESTIVAL DER HOFFNUNG im B\u00fcrgerpark Braunschweig statt. Bei sch\u00f6nstem Wetter erlebten die vielen Besucher an den acht Tagen Kunst, Kinderspa\u00df, Kulinarik, Kultur und nat\u00fcrlich Kirche an einem Ort!<\/p>\n<p>In dem einladenden Rund auf dem Rasen hinter der VW-Halle fanden sich B\u00fchnen f\u00fcr Theater, Ch\u00f6re, Kleinkunst und Musiker aus den Gemeinden und der Region. Dazwischen k\u00f6stliches zu Essen, B\u00fccherzelt, Kunstausstellung, Liegest\u00fchle, Flohmarkt u.v.m\u2026mittendrin Pavillons zum Thema Glauben, Bibel und Hoffnung.<\/p>\n<p><img loading=\"lazy\" decoding=\"async\" class=\"alignnone wp-image-1197 size-large\" src=\"https:\/\/mauestiftung.de\/wp-content\/uploads\/Festival-der-Hoffnung-2018-Sachbericht-1024x556.jpg\" alt=\"\" width=\"1024\" height=\"556\" srcset=\"https:\/\/mauestiftung.de\/wp-content\/uploads\/Festival-der-Hoffnung-2018-Sachbericht-1024x556.jpg 1024w, https:\/\/mauestiftung.de\/wp-content\/uploads\/Festival-der-Hoffnung-2018-Sachbericht-300x163.jpg 300w, https:\/\/mauestiftung.de\/wp-content\/uploads\/Festival-der-Hoffnung-2018-Sachbericht-768x417.jpg 768w, https:\/\/mauestiftung.de\/wp-content\/uploads\/Festival-der-Hoffnung-2018-Sachbericht.jpg 1101w\" sizes=\"auto, (max-width: 1024px) 100vw, 1024px\" \/><\/p>\n<p>Im Bistrobereich wurden kostenlos Getr\u00e4nke &amp; Essen ausgegeben. Wer wollte, konnte etwas spenden. Dieses Angebot kam sicher besonders den jugendlichen BesucherInnen entgegen, die zahlreich auf dem Festivalgel\u00e4nde vertreten waren. U.a. durch die F\u00f6rderung der Maue-Stiftung war es m\u00f6glich, die Verpflegung ohne Bezahlung anzubieten. Diese Gro\u00dfz\u00fcgigkeit wurde sehr wertgesch\u00e4tzt und pr\u00e4gte den Charakter und die Atmosph\u00e4re auf dem Festival, da so etwas heutzutage nicht \u00fcblich ist. Doch wollten wir damit auch ein Zeichen der christlichen N\u00e4chstenliebe setzen und Menschen beschenken, da wir selbst von Gott beschenkt sind.<\/p>\n<p>Impressionen vom Bistro- \/ Cafebetrieb:<\/p>\n<p><img loading=\"lazy\" decoding=\"async\" class=\"alignnone size-medium wp-image-1192\" src=\"https:\/\/mauestiftung.de\/wp-content\/uploads\/Festival-der-Hoffnung-2018-Sachbericht2-300x196.jpg\" alt=\"\" width=\"300\" height=\"196\" \/> <img loading=\"lazy\" decoding=\"async\" class=\"alignnone size-full wp-image-1193\" src=\"https:\/\/mauestiftung.de\/wp-content\/uploads\/Festival-der-Hoffnung-2018-Sachbericht3.jpg\" alt=\"\" width=\"291\" height=\"197\" \/><\/p>\n<p><img loading=\"lazy\" decoding=\"async\" class=\"alignnone size-full wp-image-1194\" src=\"https:\/\/mauestiftung.de\/wp-content\/uploads\/Festival-der-Hoffnung-2018-Sachbericht4.jpg\" alt=\"\" width=\"298\" height=\"193\" \/> <img loading=\"lazy\" decoding=\"async\" class=\"alignnone size-medium wp-image-1195\" src=\"https:\/\/mauestiftung.de\/wp-content\/uploads\/Festival-der-Hoffnung-2018-Sachbericht5-300x200.jpg\" alt=\"\" width=\"300\" height=\"200\" \/><\/p>\n<p>&nbsp;<\/p>\n<p><strong>Weitere Impressionen: <\/strong><a href=\"https:\/\/festival-der-hoffnung-bs.de\" target=\"_blank\" rel=\"noopener noreferrer\"><strong>https:\/\/festival-der-hoffnung-bs.de<\/strong><\/a><\/p>\n<p><img loading=\"lazy\" decoding=\"async\" class=\"alignnone wp-image-1196 size-large\" src=\"https:\/\/mauestiftung.de\/wp-content\/uploads\/Festival-der-Hoffnung-2018-Sachbericht6-1024x683.jpg\" alt=\"\" width=\"1024\" height=\"683\" srcset=\"https:\/\/mauestiftung.de\/wp-content\/uploads\/Festival-der-Hoffnung-2018-Sachbericht6-1024x683.jpg 1024w, https:\/\/mauestiftung.de\/wp-content\/uploads\/Festival-der-Hoffnung-2018-Sachbericht6-300x200.jpg 300w, https:\/\/mauestiftung.de\/wp-content\/uploads\/Festival-der-Hoffnung-2018-Sachbericht6-768x512.jpg 768w, https:\/\/mauestiftung.de\/wp-content\/uploads\/Festival-der-Hoffnung-2018-Sachbericht6.jpg 1026w\" sizes=\"auto, (max-width: 1024px) 100vw, 1024px\" \/><\/p>\n","protected":false},"excerpt":{"rendered":"<p>Vom 03.-10.06.2018 fand das FESTIVAL DER HOFFNUNG im B\u00fcrgerpark Braunschweig statt. Bei sch\u00f6nstem Wetter erlebten die vielen Besucher an den acht Tagen Kunst, Kinderspa\u00df, Kulinarik, Kultur und nat\u00fcrlich Kirche an einem Ort! In dem einladenden Rund auf dem Rasen hinter der VW-Halle fanden sich B\u00fchnen f\u00fcr Theater, Ch\u00f6re, Kleinkunst und Musiker aus den Gemeinden und &hellip; <\/p>\n<p><a class=\"more-link btn\" href=\"https:\/\/mauestiftung.de\/?page_id=1093\">Weiterlesen<\/a><\/p>\n","protected":false},"author":1,"featured_media":0,"parent":83,"menu_order":5,"comment_status":"closed","ping_status":"closed","template":"","meta":{"footnotes":""},"class_list":["post-1093","page","type-page","status-publish","hentry","nodate","item-wrap"],"_links":{"self":[{"href":"https:\/\/mauestiftung.de\/index.php?rest_route=\/wp\/v2\/pages\/1093","targetHints":{"allow":["GET"]}}],"collection":[{"href":"https:\/\/mauestiftung.de\/index.php?rest_route=\/wp\/v2\/pages"}],"about":[{"href":"https:\/\/mauestiftung.de\/index.php?rest_route=\/wp\/v2\/types\/page"}],"author":[{"embeddable":true,"href":"https:\/\/mauestiftung.de\/index.php?rest_route=\/wp\/v2\/users\/1"}],"replies":[{"embeddable":true,"href":"https:\/\/mauestiftung.de\/index.php?rest_route=%2Fwp%2Fv2%2Fcomments&post=1093"}],"version-history":[{"count":0,"href":"https:\/\/mauestiftung.de\/index.php?rest_route=\/wp\/v2\/pages\/1093\/revisions"}],"up":[{"embeddable":true,"href":"https:\/\/mauestiftung.de\/index.php?rest_route=\/wp\/v2\/pages\/83"}],"wp:attachment":[{"href":"https:\/\/mauestiftung.de\/index.php?rest_route=%2Fwp%2Fv2%2Fmedia&parent=1093"}],"curies":[{"name":"wp","href":"https:\/\/api.w.org\/{rel}","templated":true}]}}